{"id":80,"date":"2017-11-20T16:54:56","date_gmt":"2017-11-20T15:54:56","guid":{"rendered":"http:\/\/neuchatelhockeyclub.ch\/?page_id=80"},"modified":"2017-11-20T21:54:30","modified_gmt":"2017-11-20T20:54:30","slug":"historique-club","status":"publish","type":"page","link":"https:\/\/www.neuchatelhockeyclub.ch\/index.php\/le-club\/historique-club\/","title":{"rendered":"Historique du club"},"content":{"rendered":"<h1>L&rsquo;histoire du Neuch\u00e2tel Hockey Club, de sa naissance \u00e0 nos jours<\/h1>\n<p><strong>1919<\/strong> Premi\u00e8re mention d\u2019un H.C. Neuch\u00e2tel, le 18 mai lors d\u2019une rencontre \u00e0 Neuch\u00e2tel entre le club local et le H.C. B\u00e2le.<\/p>\n<p><strong>1923<\/strong> Neuch\u00e2tel H.C. participe au championnat de s\u00e9rie B avec trois autres clubs : les Young-Boys II, le H.C. Berne I et le Berner L.H.C. I.<\/p>\n<p><strong>1924<\/strong> Le 13 octobre, notre club est officiellement cr\u00e9\u00e9.<\/p>\n<p><strong>1925<\/strong> Tir\u00e9 du communiqu\u00e9 officiel No 8 de la LSHT : \u00ab\u00a0Le Neuch\u00e2tel H.C. devient le Young-Sprinters H.C.\u00a0\u00bb.<\/p>\n<p><strong>1927<\/strong> Match international organis\u00e9 par le H.C. Young-Sprinters sur le terrain du F.C. Cantonal : Suisse &#8211; France 4 &#8211; 4.<\/p>\n<p><strong>1929<\/strong> Le H.C. Young-Sprinters participe au championnat f\u00e9minin, groupe romand, en compagnie du H.C. Champel Gen\u00e8ve et du Lausanne-Sports.<\/p>\n<p><strong>1931<\/strong> Au mois de novembre, le H.C. Young-Sprinters rencontre Concordia-Juvena Yverdon pour le compte du championnat de s\u00e9rie B. Il s\u2019impose sur son terrain 3-2 (2-0). Les Neuch\u00e2telois jouent dans la composition suivante : Burgat \/ Maire, Imhoff \/ Pointet, Van Lennep, Uhler \/ Schuberth, Van Mark, Favre, Billeter I et II.<\/p>\n<p><strong>1932<\/strong> 6 novembre Young-Sprinters &#8211; Etoile Carouge 3-1.<\/p>\n<p><strong>1937<\/strong> Les Young-Sprinters sont champions de Suisse de s\u00e9rie B apr\u00e8s avoir battu, lors des finales, Old Fellows II par 1-0 et Racing Z\u00fcrich I par 3-1.<\/p>\n<p><strong>1944<\/strong> Le H.C.Y.S. participe \u00e0 nouveau au championnat de s\u00e9rie B, groupe romand, avec, comme adversaires, le H.C. Fribourg Ia et Ib, Lausanne-Sports II, Stade-Lausanne IIa et IIb et Yverdon I. Cette m\u00eame ann\u00e9e, les Orange et Noir terminent au 2e rang du Tournoi du Comptoir suisse organis\u00e9 par le H.C. lausannois. Ils sont battus, en finale, par le Stade-Lausanne (s\u00e9rie A) par 6-0 ! L\u2019\u00e9quipe de ce tournoi : Uhler \/ Maire, Perottet \/ Wenker, Kick, Olivieri \/ Benkert, Wey, Delnon, Billeter, Bianchi.<\/p>\n<p><strong>1948<\/strong> En raison d\u2019une r\u00e9organisation du championnat, Young-Sprinters participe au championnat de s\u00e9rie A, groupe central, avec le H.C. Olten, le H.C. Berne, Nordstern, Blauweiss Olten et le L.H.C. Biel. Cette m\u00eame ann\u00e9e, inscription, pour la premi\u00e8re fois, d\u2019une \u00e9quipe de juniors en championnat romand. Participent \u00e0 cette comp\u00e9tition : Stade-Lausanne, Lausanne-Sports et Black Boys Gen\u00e8ve.<\/p>\n<p><strong>1949<\/strong> Une ann\u00e9e seulement apr\u00e8s sa premi\u00e8re apparition, l&rsquo;\u00e9quipe junior est championne de Suisse !<\/p>\n<p><strong>1957<\/strong> Apr\u00e8s trois ann\u00e9e d\u2019inactivit\u00e9, Young-Sprinters reprend le championnat. Les entra\u00eenements ont lieu aux Charmettes et les matches \u00e0 Cortaillod.<\/p>\n<p><strong>1962<\/strong> Young-Sprinters est promu en s\u00e9rie A apr\u00e8s avoir remport\u00e9 le titre de s\u00e9rie B. Les Neuch\u00e2telois ont alors battu, lors des finales, les B\u00e2lois de Nordstern par 4 &#8211; 0 et ont tenu en \u00e9chec Rotweiss Wettingen 2 &#8211; 2. L\u2019\u00e9quipe de cette glorieuse saison : Lauber \/ Arkema \/ Steiner, Uebersax, Glauser \/ Favre \/ Van den Berg, Everts, Geldermans, Clot, Mery.<\/p>\n<p><strong>1967<\/strong> Young-Sprinters termine au cinqui\u00e8me rang du championnat de s\u00e9rie A. Ce classement est remport\u00e9 par le Lausanne-Sports. Durant la m\u00eame ann\u00e9e, les \u00ab\u00a0Orange\u00a0\u00bb disputent les matchs amicaux suivants : Belfort-YS 0-3, Strasbourg-YS 1-1, YS-Belfort 5-1 et Offenbourg-YS 1-0.<\/p>\n<p><strong>1968<\/strong> Young-Sprinters adh\u00e8re \u00e0 Neuch\u00e2tel-Sports et devient alors Neuch\u00e2tel-Sports Hockey-Club. D\u00e8s cette date, une partie des membres de notre club participent \u00e0 l\u2019\u00e9dification du Panespo ! La premi\u00e8re apparition sous les couleurs \u00ab\u00a0jaune et rouge\u00a0\u00bb a lieu dans la composition suivante : Chenaux \/ Crivelli \/ Wicki, Marguet, Piot \/ P.-A. Lauber, Favre \/ Vuillemin, Hasler, Steiner, D. Lauber. Le Tournoi international de Cortaillod regroupe, dans l\u2019ordre du classement final, le F.C. Lyon, B\u00e2le, Stade-Lausanne, Neuch\u00e2tel, Offenbourg et Black Boys Gen\u00e8ve. Le vainqueur \u00e9volue, en cette occasion, avec huit internationaux fran\u00e7ais qui participeront, quelques semaines plus tard, aux J.O. de Mexico !<\/p>\n<p><strong>1971<\/strong> Durant l\u2019automne, formation d\u2019 une \u00e9quipe minime. C\u2019 est l\u00e0 le v\u00e9ritable d\u00e9part du mouvement juniors \u00e0 Neuch\u00e2tel. L\u2019actuel pr\u00e9sident du club, P.-A. Lauber, en est l\u2019auteur. Les entra\u00eenements ont lieu \u00e0 Pierre-\u00e0-Mazel et \u00e0 Panespo et les matches au Chanet. Pour leur premi\u00e8re sortie \u00e0 Gen\u00e8ve, les jeunes Neuch\u00e2telois se frottent \u00e0 Rolle (2 &#8211; 2) et aux Black-Boys (9 &#8211; 2). Ces \u00ab\u00a0gosses\u00a0\u00bb forment, actuellement, l\u2019ossature de la premi\u00e8re \u00e9quipe.<\/p>\n<p><strong>1976<\/strong> C\u2019est le d\u00e9but des ann\u00e9es de gloire du mouvement juniors neuch\u00e2telois. Deux finales nationales \u00e0 la cl\u00e9 ! A Olten, en \u00ab\u00a0B\u00a0\u00bb, d\u00e9faite face au H.C. Wettingen par 2 &#8211; 1, le but de l\u2019honneur \u00e9tant marqu\u00e9 par M.Chaillet ! A Wettingen, en \u00ab\u00a0A\u00a0\u00bb cette fois-ci, nouvelle d\u00e9faite face au Rotweiss Wettingen par 3 &#8211; 0.<\/p>\n<p><strong>1977<\/strong> Nouvelle finale chez les juniors A. Elle a lieu \u00e0 Neuch\u00e2tel sous une pluie battante. Le stade de Serri\u00e8res est transform\u00e9 en une gigantesque flaque. Nouvelle d\u00e9faite face au H.C. Wettingen par 3 &#8211; 1 apr\u00e8s prolongations. Le but neuch\u00e2telois avait \u00e9t\u00e9 l\u2019\u0153uvre de Th. Wernli. L\u2019\u00e9quipe de cette malheureuse finale : Lombardet \/ Marendaz \/ Miauton, Zosso, Ballet \/ Wernli, Van Kollem, Staehli \/ Chaillet, Kolly, Zimmermann. Rempla\u00e7ants : Charmillot, Allemano, Terbaldi. Les enta\u00eeneurs de cette formation \u00e9taient P.-A. Lauber et O. Vioget.<\/p>\n<p><strong>1979<\/strong> Rebelote en juin \u00e0 Serri\u00e8res, \u00e0 nouveau face au H.C. Wettingen, avec une nouvelle d\u00e9faite par 1 &#8211; 0 !<\/p>\n<p><strong>1987<\/strong> Neuch\u00e2tel II &#8211; Lausanne II 5-3 et 0-0. Neuch\u00e2tel : R. Hasler, J.-J. Zosso, M. Jeandupeux, V. Perrin, D. Lauber, F. Courvoisier, N. Chaillet, G. Henderson, P.-L. Lauber, M. Currat, Y. Lehmann, M. Jeanneret, M. Favre-Bulle. Entra\u00eeneur : Reynald Hasler. La rencontre jou\u00e9e contre Lausanne II sur le stade de Serri\u00e8res fut riche en couleurs. Apr\u00e8s 20 minutes de jeu, Neuch\u00e2tel II menait \u00e0 la marque par 2 \u00e0 0, gr\u00e2ce \u00e0 des r\u00e9ussites de R. Hasler. Peu avant la mi-temps, sur une rapide contre-attaque, Lausanne II parvint \u00e0 r\u00e9duire le score. Comme pr\u00e9vu en d\u00e9but de partie, le gardien, V. Perrin c\u00e9da sa place \u00e0 R. Hasler apr\u00e8s la pause. En l\u2019espace d\u2019un quart d\u2019heure, le r\u00e9sultat bascula en faveur des Lausannois gr\u00e2ce \u00e0 deux buts aussi pr\u00e9cis que diaboliques. Il restait donc 20 minutes aux \u00ab\u00a0jaune et rouge\u00a0\u00bb pour renverser la vapeur. Et cela ne tarda pas, avec 3 buts bien pr\u00e9par\u00e9s par les toujours jeunes P.-L. Lauber et G. Henderson, et intelligemment plac\u00e9s au fond des filets par les nouveaux talents M. Jeanneret, M. Currat et M. Favre-Bulle. Le plus dur restait \u00e0 faire, cela le lendemain matin, sur le stade de la Pontaise. L\u2019excellent gardien R. Hasler par des r\u00e9flexes \u00e9poustouflants, ne c\u00e9da point aux assauts des routiniers lausannois, et le score resta vierge jusqu\u2019\u00e0 la fin du temps r\u00e9glementaire. C\u2019est avec panache que toute l\u2019\u00e9quipe d\u00e9crocha cette qualification tant souhait\u00e9e, qui lui donne la possibilit\u00e9 d\u2019\u00eatre championne romande et d\u2019acc\u00e9der \u00e0 la ligue nationale B. (RHA)<\/p>\n<p><strong>1991<\/strong> 1\u00e8re \u00e9quipe. Champion r\u00e9gional de 1\u00e8re ligue championnat en salle.<\/p>\n<p><strong>1993<\/strong> Neuch\u00e2tel : Hasler, Jeandupeux, Ballet, Favre-Bulle, M. Jeanneret, P. Jeanneret, Zosso, Chaillet, Terbaldi, Khan, Denis, Rodrigues, Thonney, Gauchat, Pradena. Notes : Stade Lausanne joue \u00e0 11, puis \u00e0 10, un de ses joueur \u00e9tant bless\u00e9 au visage. Score \u00e0 lunettes. Neuch\u00e2tel n\u2019a pas trouv\u00e9 le chemin des filets. Les \u00ab\u00a0jaune et rouge\u00a0\u00bb ont pourtant tout essay\u00e9. Ils ont domin\u00e9 la partie durant les 70 minutes en vain. Ils ont pu tester la nouvelle r\u00e8gle des changements volants, ce qui n\u2019a pas \u00e9t\u00e9 sans poser quelques probl\u00e8mes d\u2019organisation. Les attaquants ont souvent \u00e9t\u00e9 pris au hors jeu (90% de hors jeux de position). Le gardien, le v\u00e9t\u00e9ran mais toujours jeune Reynald Hasler, n\u2019a pas eu beaucoup de travail, sauf sur les quelques contre-attaques men\u00e9es o\u00f9 ses interventions ont \u00e9t\u00e9 d\u00e9cisives. Les spectateurs ont vu des tirs malheureusement mal cadr\u00e9s. Ils ont \u00e9galement remarqu\u00e9 la nervosit\u00e9 des Neuch\u00e2telois en fin de match. Ce match agr\u00e9able a permis aux ex-joueurs de la 2\u00e8me \u00e9quipe de se familiariser un peu au rythme de la LNB et aux anciens de d\u00e9couvrir que les jeunes \u00ab\u00a0en voulaient\u00a0\u00bb aussi.<\/p>\n<p><strong>1997<\/strong> 2\u00e8me \u00e9quipe. Apr\u00e8s avoir battu la 1\u00e8re \u00e9quipe par 8 \u00e0 4, Neuch\u00e2tel 2 est promu en LNB. L\u2019\u00e9quipe : Alfredo Gandoy, Reynald Hasler, Jean-Jacques Zosso, Jean-Luc Jenny, Tobias Weber, Philipe Dobler, Marc Favre-Bulle.<\/p>\n<p><strong>2000<\/strong> Championnat en salle &#8211; Ascension en ligue B. Neuch\u00e2tel : T. Terbaldi, R. Hasler, S. Palandrani, J.-L. Jenny, J.-J. Zosso, A. Gandoy, D. Cellier, B. Pilloud.<\/p>\n<p><strong>2001-2002<\/strong> Tournoi Juniors 2001-2002 \u00e0 Gen\u00e8ve. 3\u00e8me du classement final. Coach Reynald Hasler.<\/p>\n<p><strong>2003<\/strong> Coupe Suisse : Red-Sox &#8211; Neuch\u00e2tel 16-0 (Match jou\u00e9 \u00e0 9 joueur avec 2 juniors ; d\u00e9placement effectu\u00e9 pour \u00e9viter une amende).<\/p>\n<p><img fetchpriority=\"high\" decoding=\"async\" class=\"aligncenter wp-image-146 size-full\" src=\"http:\/\/192.168.71.102:8008\/wp-content\/uploads\/2017\/11\/histoire_article_express.png\" alt=\"\" width=\"680\" height=\"562\" srcset=\"https:\/\/www.neuchatelhockeyclub.ch\/wp-content\/uploads\/2017\/11\/histoire_article_express.png 680w, https:\/\/www.neuchatelhockeyclub.ch\/wp-content\/uploads\/2017\/11\/histoire_article_express-300x248.png 300w, https:\/\/www.neuchatelhockeyclub.ch\/wp-content\/uploads\/2017\/11\/histoire_article_express-128x106.png 128w, https:\/\/www.neuchatelhockeyclub.ch\/wp-content\/uploads\/2017\/11\/histoire_article_express-32x26.png 32w, https:\/\/www.neuchatelhockeyclub.ch\/wp-content\/uploads\/2017\/11\/histoire_article_express-1x1.png 1w\" sizes=\"(max-width: 680px) 100vw, 680px\" \/><\/p>\n<p style=\"text-align: center;\">Le NHC au d\u00e9but des ann\u00e9es 2000: dans le creux de la vague.<\/p>\n<p><strong>2005<\/strong> Champion romand 2005 de 1\u00e8re ligue. Avec comme coach Th. Wernli. Joueurs : T. Terbaldi, A. Rickli, S Grimm, L. Berney, J.-L. Jenni, A. Le Bigot, R. Hasler, S. Palandrani, P. M\u00e9gevand, P. Firkins, I. B\u00fcchler, W. B\u00e4rlocher, J. L\u2019Eplattenier, Ch. Bill, V. Gutknecht, F. Pireva, J.-J. Zosso, R. Duffner, A. Muminovic, L. Parrat, M. Zinsmeister.<\/p>\n<p><strong>2005-2006<\/strong> Finale pour l\u2019ascension en ligue, perdue contre Grasshopper NHC-Grasshopper 1-4 \/ Grasshopper-NHC 7-2.<\/p>\n<p>&nbsp;<\/p>\n","protected":false},"excerpt":{"rendered":"<p>L&rsquo;histoire du Neuch\u00e2tel Hockey Club, de sa naissance \u00e0 nos jours 1919 Premi\u00e8re mention d\u2019un H.C. Neuch\u00e2tel, le 18 mai lors d\u2019une rencontre \u00e0 Neuch\u00e2tel entre le club local et le H.C. B\u00e2le. 1923 Neuch\u00e2tel H.C. participe au championnat de s\u00e9rie B avec trois autres clubs : les Young-Boys II, le H.C. Berne I et [&hellip;]<\/p>\n","protected":false},"author":2,"featured_media":0,"parent":123,"menu_order":0,"comment_status":"closed","ping_status":"closed","template":"page-templates\/full-width.php","meta":{"footnotes":""},"class_list":["post-80","page","type-page","status-publish","hentry"],"yoast_head":"<!-- This site is optimized with the Yoast SEO plugin v25.1 - https:\/\/yoast.com\/wordpress\/plugins\/seo\/ -->\n<title>Historique du club - Neuch\u00e2tel Hockey Club<\/title>\n<meta name=\"robots\" content=\"index, follow, max-snippet:-1, max-image-preview:large, max-video-preview:-1\" \/>\n<link rel=\"canonical\" href=\"https:\/\/www.neuchatelhockeyclub.ch\/index.php\/le-club\/historique-club\/\" \/>\n<meta property=\"og:locale\" content=\"fr_FR\" \/>\n<meta property=\"og:type\" content=\"article\" \/>\n<meta property=\"og:title\" content=\"Historique du club - Neuch\u00e2tel Hockey Club\" \/>\n<meta property=\"og:description\" content=\"L&rsquo;histoire du Neuch\u00e2tel Hockey Club, de sa naissance \u00e0 nos jours 1919 Premi\u00e8re mention d\u2019un H.C. Neuch\u00e2tel, le 18 mai lors d\u2019une rencontre \u00e0 Neuch\u00e2tel entre le club local et le H.C. B\u00e2le. 1923 Neuch\u00e2tel H.C. participe au championnat de s\u00e9rie B avec trois autres clubs : les Young-Boys II, le H.C. Berne I et [&hellip;]\" \/>\n<meta property=\"og:url\" content=\"https:\/\/www.neuchatelhockeyclub.ch\/index.php\/le-club\/historique-club\/\" \/>\n<meta property=\"og:site_name\" content=\"Neuch\u00e2tel Hockey Club\" \/>\n<meta property=\"article:modified_time\" content=\"2017-11-20T20:54:30+00:00\" \/>\n<meta property=\"og:image\" content=\"http:\/\/192.168.71.102:8008\/wp-content\/uploads\/2017\/11\/histoire_article_express.png\" \/>\n<meta name=\"twitter:card\" content=\"summary_large_image\" \/>\n<meta name=\"twitter:label1\" content=\"Dur\u00e9e de lecture estim\u00e9e\" \/>\n\t<meta name=\"twitter:data1\" content=\"8 minutes\" \/>\n<script type=\"application\/ld+json\" class=\"yoast-schema-graph\">{\"@context\":\"https:\/\/schema.org\",\"@graph\":[{\"@type\":\"WebPage\",\"@id\":\"https:\/\/www.neuchatelhockeyclub.ch\/index.php\/le-club\/historique-club\/\",\"url\":\"https:\/\/www.neuchatelhockeyclub.ch\/index.php\/le-club\/historique-club\/\",\"name\":\"Historique du club - Neuch\u00e2tel Hockey Club\",\"isPartOf\":{\"@id\":\"https:\/\/www.neuchatelhockeyclub.ch\/#website\"},\"primaryImageOfPage\":{\"@id\":\"https:\/\/www.neuchatelhockeyclub.ch\/index.php\/le-club\/historique-club\/#primaryimage\"},\"image\":{\"@id\":\"https:\/\/www.neuchatelhockeyclub.ch\/index.php\/le-club\/historique-club\/#primaryimage\"},\"thumbnailUrl\":\"http:\/\/192.168.71.102:8008\/wp-content\/uploads\/2017\/11\/histoire_article_express.png\",\"datePublished\":\"2017-11-20T15:54:56+00:00\",\"dateModified\":\"2017-11-20T20:54:30+00:00\",\"breadcrumb\":{\"@id\":\"https:\/\/www.neuchatelhockeyclub.ch\/index.php\/le-club\/historique-club\/#breadcrumb\"},\"inLanguage\":\"fr-FR\",\"potentialAction\":[{\"@type\":\"ReadAction\",\"target\":[\"https:\/\/www.neuchatelhockeyclub.ch\/index.php\/le-club\/historique-club\/\"]}]},{\"@type\":\"ImageObject\",\"inLanguage\":\"fr-FR\",\"@id\":\"https:\/\/www.neuchatelhockeyclub.ch\/index.php\/le-club\/historique-club\/#primaryimage\",\"url\":\"http:\/\/192.168.71.102:8008\/wp-content\/uploads\/2017\/11\/histoire_article_express.png\",\"contentUrl\":\"http:\/\/192.168.71.102:8008\/wp-content\/uploads\/2017\/11\/histoire_article_express.png\"},{\"@type\":\"BreadcrumbList\",\"@id\":\"https:\/\/www.neuchatelhockeyclub.ch\/index.php\/le-club\/historique-club\/#breadcrumb\",\"itemListElement\":[{\"@type\":\"ListItem\",\"position\":1,\"name\":\"Home\",\"item\":\"https:\/\/www.neuchatelhockeyclub.ch\/\"},{\"@type\":\"ListItem\",\"position\":2,\"name\":\"Le Club\",\"item\":\"https:\/\/www.neuchatelhockeyclub.ch\/index.php\/le-club\/\"},{\"@type\":\"ListItem\",\"position\":3,\"name\":\"Historique du club\"}]},{\"@type\":\"WebSite\",\"@id\":\"https:\/\/www.neuchatelhockeyclub.ch\/#website\",\"url\":\"https:\/\/www.neuchatelhockeyclub.ch\/\",\"name\":\"Neuch\u00e2tel Hockey Club\",\"description\":\"Hockey sur gazon\",\"potentialAction\":[{\"@type\":\"SearchAction\",\"target\":{\"@type\":\"EntryPoint\",\"urlTemplate\":\"https:\/\/www.neuchatelhockeyclub.ch\/?s={search_term_string}\"},\"query-input\":{\"@type\":\"PropertyValueSpecification\",\"valueRequired\":true,\"valueName\":\"search_term_string\"}}],\"inLanguage\":\"fr-FR\"}]}<\/script>\n<!-- \/ Yoast SEO plugin. -->","yoast_head_json":{"title":"Historique du club - Neuch\u00e2tel Hockey Club","robots":{"index":"index","follow":"follow","max-snippet":"max-snippet:-1","max-image-preview":"max-image-preview:large","max-video-preview":"max-video-preview:-1"},"canonical":"https:\/\/www.neuchatelhockeyclub.ch\/index.php\/le-club\/historique-club\/","og_locale":"fr_FR","og_type":"article","og_title":"Historique du club - Neuch\u00e2tel Hockey Club","og_description":"L&rsquo;histoire du Neuch\u00e2tel Hockey Club, de sa naissance \u00e0 nos jours 1919 Premi\u00e8re mention d\u2019un H.C. Neuch\u00e2tel, le 18 mai lors d\u2019une rencontre \u00e0 Neuch\u00e2tel entre le club local et le H.C. B\u00e2le. 1923 Neuch\u00e2tel H.C. participe au championnat de s\u00e9rie B avec trois autres clubs : les Young-Boys II, le H.C. Berne I et [&hellip;]","og_url":"https:\/\/www.neuchatelhockeyclub.ch\/index.php\/le-club\/historique-club\/","og_site_name":"Neuch\u00e2tel Hockey Club","article_modified_time":"2017-11-20T20:54:30+00:00","og_image":[{"url":"http:\/\/192.168.71.102:8008\/wp-content\/uploads\/2017\/11\/histoire_article_express.png","type":"","width":"","height":""}],"twitter_card":"summary_large_image","twitter_misc":{"Dur\u00e9e de lecture estim\u00e9e":"8 minutes"},"schema":{"@context":"https:\/\/schema.org","@graph":[{"@type":"WebPage","@id":"https:\/\/www.neuchatelhockeyclub.ch\/index.php\/le-club\/historique-club\/","url":"https:\/\/www.neuchatelhockeyclub.ch\/index.php\/le-club\/historique-club\/","name":"Historique du club - Neuch\u00e2tel Hockey Club","isPartOf":{"@id":"https:\/\/www.neuchatelhockeyclub.ch\/#website"},"primaryImageOfPage":{"@id":"https:\/\/www.neuchatelhockeyclub.ch\/index.php\/le-club\/historique-club\/#primaryimage"},"image":{"@id":"https:\/\/www.neuchatelhockeyclub.ch\/index.php\/le-club\/historique-club\/#primaryimage"},"thumbnailUrl":"http:\/\/192.168.71.102:8008\/wp-content\/uploads\/2017\/11\/histoire_article_express.png","datePublished":"2017-11-20T15:54:56+00:00","dateModified":"2017-11-20T20:54:30+00:00","breadcrumb":{"@id":"https:\/\/www.neuchatelhockeyclub.ch\/index.php\/le-club\/historique-club\/#breadcrumb"},"inLanguage":"fr-FR","potentialAction":[{"@type":"ReadAction","target":["https:\/\/www.neuchatelhockeyclub.ch\/index.php\/le-club\/historique-club\/"]}]},{"@type":"ImageObject","inLanguage":"fr-FR","@id":"https:\/\/www.neuchatelhockeyclub.ch\/index.php\/le-club\/historique-club\/#primaryimage","url":"http:\/\/192.168.71.102:8008\/wp-content\/uploads\/2017\/11\/histoire_article_express.png","contentUrl":"http:\/\/192.168.71.102:8008\/wp-content\/uploads\/2017\/11\/histoire_article_express.png"},{"@type":"BreadcrumbList","@id":"https:\/\/www.neuchatelhockeyclub.ch\/index.php\/le-club\/historique-club\/#breadcrumb","itemListElement":[{"@type":"ListItem","position":1,"name":"Home","item":"https:\/\/www.neuchatelhockeyclub.ch\/"},{"@type":"ListItem","position":2,"name":"Le Club","item":"https:\/\/www.neuchatelhockeyclub.ch\/index.php\/le-club\/"},{"@type":"ListItem","position":3,"name":"Historique du club"}]},{"@type":"WebSite","@id":"https:\/\/www.neuchatelhockeyclub.ch\/#website","url":"https:\/\/www.neuchatelhockeyclub.ch\/","name":"Neuch\u00e2tel Hockey Club","description":"Hockey sur gazon","potentialAction":[{"@type":"SearchAction","target":{"@type":"EntryPoint","urlTemplate":"https:\/\/www.neuchatelhockeyclub.ch\/?s={search_term_string}"},"query-input":{"@type":"PropertyValueSpecification","valueRequired":true,"valueName":"search_term_string"}}],"inLanguage":"fr-FR"}]}},"_links":{"self":[{"href":"https:\/\/www.neuchatelhockeyclub.ch\/index.php\/wp-json\/wp\/v2\/pages\/80","targetHints":{"allow":["GET"]}}],"collection":[{"href":"https:\/\/www.neuchatelhockeyclub.ch\/index.php\/wp-json\/wp\/v2\/pages"}],"about":[{"href":"https:\/\/www.neuchatelhockeyclub.ch\/index.php\/wp-json\/wp\/v2\/types\/page"}],"author":[{"embeddable":true,"href":"https:\/\/www.neuchatelhockeyclub.ch\/index.php\/wp-json\/wp\/v2\/users\/2"}],"replies":[{"embeddable":true,"href":"https:\/\/www.neuchatelhockeyclub.ch\/index.php\/wp-json\/wp\/v2\/comments?post=80"}],"version-history":[{"count":12,"href":"https:\/\/www.neuchatelhockeyclub.ch\/index.php\/wp-json\/wp\/v2\/pages\/80\/revisions"}],"predecessor-version":[{"id":149,"href":"https:\/\/www.neuchatelhockeyclub.ch\/index.php\/wp-json\/wp\/v2\/pages\/80\/revisions\/149"}],"up":[{"embeddable":true,"href":"https:\/\/www.neuchatelhockeyclub.ch\/index.php\/wp-json\/wp\/v2\/pages\/123"}],"wp:attachment":[{"href":"https:\/\/www.neuchatelhockeyclub.ch\/index.php\/wp-json\/wp\/v2\/media?parent=80"}],"curies":[{"name":"wp","href":"https:\/\/api.w.org\/{rel}","templated":true}]}}