{"id":78,"date":"2017-11-20T16:53:40","date_gmt":"2017-11-20T15:53:40","guid":{"rendered":"http:\/\/neuchatelhockeyclub.ch\/?page_id=78"},"modified":"2018-09-12T22:09:33","modified_gmt":"2018-09-12T21:09:33","slug":"u8-u10-u12","status":"publish","type":"page","link":"https:\/\/www.neuchatelhockeyclub.ch\/index.php\/equipes\/u8-u10-u12\/","title":{"rendered":"U8-U10-U12"},"content":{"rendered":"\t\t<div data-elementor-type=\"wp-post\" data-elementor-id=\"78\" class=\"elementor elementor-78 elementor-bc-flex-widget\">\n\t\t\t\t\t\t<section class=\"elementor-section elementor-top-section elementor-element elementor-element-622f691 elementor-section-boxed elementor-section-height-default elementor-section-height-default\" data-id=\"622f691\" data-element_type=\"section\">\n\t\t\t\t\t\t<div class=\"elementor-container elementor-column-gap-default\">\n\t\t\t\t\t<div class=\"elementor-column elementor-col-100 elementor-top-column elementor-element elementor-element-7b12198\" data-id=\"7b12198\" data-element_type=\"column\">\n\t\t\t<div class=\"elementor-widget-wrap elementor-element-populated\">\n\t\t\t\t\t\t<section class=\"elementor-section elementor-inner-section elementor-element elementor-element-362f321 elementor-section-boxed elementor-section-height-default elementor-section-height-default\" data-id=\"362f321\" data-element_type=\"section\">\n\t\t\t\t\t\t<div class=\"elementor-container elementor-column-gap-default\">\n\t\t\t\t\t<div class=\"elementor-column elementor-col-50 elementor-inner-column elementor-element elementor-element-6f1bf25\" data-id=\"6f1bf25\" data-element_type=\"column\">\n\t\t\t<div class=\"elementor-widget-wrap elementor-element-populated\">\n\t\t\t\t\t\t<div class=\"elementor-element elementor-element-be35bd0 elementor-widget elementor-widget-text-editor\" data-id=\"be35bd0\" data-element_type=\"widget\" data-widget_type=\"text-editor.default\">\n\t\t\t\t<div class=\"elementor-widget-container\">\n\t\t\t\t\t\t\t\t\t<p><span style=\"font-size: 3.2rem;\">Equipes U8 \u00e0 U12<\/span><\/p><p><span style=\"font-family: Roboto, sans-serif; font-size: 14px; font-style: normal; font-weight: normal;\">pour\u00a0<\/span><strong style=\"font-family: Roboto, sans-serif; font-size: 14px; font-style: normal;\">gar\u00e7ons<\/strong><span style=\"font-family: Roboto, sans-serif; font-size: 14px; font-style: normal; font-weight: normal;\">\u00a0et\u00a0<\/span><strong style=\"font-family: Roboto, sans-serif; font-size: 14px; font-style: normal;\">filles<br \/><\/strong><span style=\"font-family: Roboto, sans-serif; font-size: 14px; font-style: normal; font-weight: normal;\">Cat\u00e9gories :<br \/><\/span><span style=\"font-family: Roboto, sans-serif; font-size: 14px; font-style: normal; font-weight: normal;\">U8 (moins de 8 ans)<br \/><\/span><span style=\"font-family: Roboto, sans-serif; font-size: 14px; font-style: normal; font-weight: normal;\">U10 (moins de 10 ans)<br \/><\/span><span style=\"font-family: Roboto, sans-serif; font-size: 14px; font-style: normal; font-weight: normal;\">U12 (moins de 12 ans)<\/span><\/p><p><span style=\"font-family: Roboto, sans-serif; font-size: 14px; font-style: normal; font-weight: normal;\">Cannes et balles sont mises \u00e0 disposition.<\/span><span style=\"font-size: 14px;\"><br \/><\/span><\/p><p><span style=\"font-size: 14px;\">(lieux d&rsquo;entra\u00eenements disponibles ici : <\/span><a style=\"font-size: 14px;\" href=\"http:\/\/192.168.71.102:8008\/index.php\/le-club\/terrains\/\">Le Club\/Terrains<\/a><span style=\"font-size: 14px;\">)<br \/><\/span><br \/>C&rsquo;est\u00a0<strong>tous les\u00a0<\/strong>mercredi, voir la page\u00a0<a href=\"http:\/\/192.168.71.102:8008\/index.php\/agenda\/\" target=\"_blank\" rel=\"noopener\">Agenda<\/a>\u00a0pour les horaires.<\/p>\t\t\t\t\t\t\t\t<\/div>\n\t\t\t\t<\/div>\n\t\t\t\t\t<\/div>\n\t\t<\/div>\n\t\t\t\t<div class=\"elementor-column elementor-col-50 elementor-inner-column elementor-element elementor-element-aeed00d\" data-id=\"aeed00d\" data-element_type=\"column\">\n\t\t\t<div class=\"elementor-widget-wrap elementor-element-populated\">\n\t\t\t\t\t\t<div class=\"elementor-element elementor-element-d4b66db elementor-widget elementor-widget-image\" data-id=\"d4b66db\" data-element_type=\"widget\" data-widget_type=\"image.default\">\n\t\t\t\t<div class=\"elementor-widget-container\">\n\t\t\t\t\t\t\t\t\t\t\t\t<figure class=\"wp-caption\">\n\t\t\t\t\t\t\t\t\t\t\t<a href=\"http:\/\/192.168.71.102:8008\/wp-content\/uploads\/2017\/11\/IMG_6419.jpg\" data-elementor-open-lightbox=\"yes\" data-elementor-lightbox-title=\"EquipeU10_2017-2018\" data-e-action-hash=\"#elementor-action%3Aaction%3Dlightbox%26settings%3DeyJpZCI6Mjc4LCJ1cmwiOiJodHRwczpcL1wvd3d3Lm5ldWNoYXRlbGhvY2tleWNsdWIuY2hcL3dwLWNvbnRlbnRcL3VwbG9hZHNcLzIwMTdcLzExXC9JTUdfNjQxOS5qcGcifQ%3D%3D\">\n\t\t\t\t\t\t\t<img fetchpriority=\"high\" decoding=\"async\" width=\"654\" height=\"491\" src=\"https:\/\/www.neuchatelhockeyclub.ch\/wp-content\/uploads\/2017\/11\/IMG_6419-1024x768.jpg\" class=\"attachment-large size-large wp-image-278\" alt=\"\" srcset=\"https:\/\/www.neuchatelhockeyclub.ch\/wp-content\/uploads\/2017\/11\/IMG_6419-1024x768.jpg 1024w, https:\/\/www.neuchatelhockeyclub.ch\/wp-content\/uploads\/2017\/11\/IMG_6419-300x225.jpg 300w, https:\/\/www.neuchatelhockeyclub.ch\/wp-content\/uploads\/2017\/11\/IMG_6419-768x576.jpg 768w, https:\/\/www.neuchatelhockeyclub.ch\/wp-content\/uploads\/2017\/11\/IMG_6419-1x1.jpg 1w, https:\/\/www.neuchatelhockeyclub.ch\/wp-content\/uploads\/2017\/11\/IMG_6419.jpg 1600w\" sizes=\"(max-width: 654px) 100vw, 654px\" \/>\t\t\t\t\t\t\t\t<\/a>\n\t\t\t\t\t\t\t\t\t\t\t<figcaption class=\"widget-image-caption wp-caption-text\">Equipe Junior U12<\/figcaption>\n\t\t\t\t\t\t\t\t\t\t<\/figure>\n\t\t\t\t\t\t\t\t\t<\/div>\n\t\t\t\t<\/div>\n\t\t\t\t\t<\/div>\n\t\t<\/div>\n\t\t\t\t\t<\/div>\n\t\t<\/section>\n\t\t\t\t\t<\/div>\n\t\t<\/div>\n\t\t\t\t\t<\/div>\n\t\t<\/section>\n\t\t\t\t<\/div>\n\t\t","protected":false},"excerpt":{"rendered":"<p>Equipes U8 \u00e0 U12 pour\u00a0gar\u00e7ons\u00a0et\u00a0fillesCat\u00e9gories :U8 (moins de 8 ans)U10 (moins de 10 ans)U12 (moins de 12 ans) Cannes et balles sont mises \u00e0 disposition. (lieux d&rsquo;entra\u00eenements disponibles ici : Le Club\/Terrains) C&rsquo;est\u00a0tous les\u00a0mercredi, voir la page\u00a0Agenda\u00a0pour les horaires. Equipe Junior U12<\/p>\n","protected":false},"author":2,"featured_media":0,"parent":133,"menu_order":0,"comment_status":"closed","ping_status":"closed","template":"page-templates\/full-width.php","meta":{"footnotes":""},"class_list":["post-78","page","type-page","status-publish","hentry"],"yoast_head":"<!-- This site is optimized with the Yoast SEO plugin v25.1 - https:\/\/yoast.com\/wordpress\/plugins\/seo\/ -->\n<title>U8-U10-U12 - Neuch\u00e2tel Hockey Club<\/title>\n<meta name=\"robots\" content=\"index, follow, max-snippet:-1, max-image-preview:large, max-video-preview:-1\" \/>\n<link rel=\"canonical\" href=\"https:\/\/www.neuchatelhockeyclub.ch\/index.php\/equipes\/u8-u10-u12\/\" \/>\n<meta property=\"og:locale\" content=\"fr_FR\" \/>\n<meta property=\"og:type\" content=\"article\" \/>\n<meta property=\"og:title\" content=\"U8-U10-U12 - Neuch\u00e2tel Hockey Club\" \/>\n<meta property=\"og:description\" content=\"Equipes U8 \u00e0 U12 pour\u00a0gar\u00e7ons\u00a0et\u00a0fillesCat\u00e9gories :U8 (moins de 8 ans)U10 (moins de 10 ans)U12 (moins de 12 ans) Cannes et balles sont mises \u00e0 disposition. (lieux d&rsquo;entra\u00eenements disponibles ici : Le Club\/Terrains) C&rsquo;est\u00a0tous les\u00a0mercredi, voir la page\u00a0Agenda\u00a0pour les horaires. Equipe Junior U12\" \/>\n<meta property=\"og:url\" content=\"https:\/\/www.neuchatelhockeyclub.ch\/index.php\/equipes\/u8-u10-u12\/\" \/>\n<meta property=\"og:site_name\" content=\"Neuch\u00e2tel Hockey Club\" \/>\n<meta property=\"article:modified_time\" content=\"2018-09-12T21:09:33+00:00\" \/>\n<meta property=\"og:image\" content=\"http:\/\/192.168.71.102:8008\/wp-content\/uploads\/2017\/11\/IMG_6419-1024x768.jpg\" \/>\n<meta name=\"twitter:card\" content=\"summary_large_image\" \/>\n<script type=\"application\/ld+json\" class=\"yoast-schema-graph\">{\"@context\":\"https:\/\/schema.org\",\"@graph\":[{\"@type\":\"WebPage\",\"@id\":\"https:\/\/www.neuchatelhockeyclub.ch\/index.php\/equipes\/u8-u10-u12\/\",\"url\":\"https:\/\/www.neuchatelhockeyclub.ch\/index.php\/equipes\/u8-u10-u12\/\",\"name\":\"U8-U10-U12 - Neuch\u00e2tel Hockey Club\",\"isPartOf\":{\"@id\":\"https:\/\/www.neuchatelhockeyclub.ch\/#website\"},\"primaryImageOfPage\":{\"@id\":\"https:\/\/www.neuchatelhockeyclub.ch\/index.php\/equipes\/u8-u10-u12\/#primaryimage\"},\"image\":{\"@id\":\"https:\/\/www.neuchatelhockeyclub.ch\/index.php\/equipes\/u8-u10-u12\/#primaryimage\"},\"thumbnailUrl\":\"http:\/\/192.168.71.102:8008\/wp-content\/uploads\/2017\/11\/IMG_6419-1024x768.jpg\",\"datePublished\":\"2017-11-20T15:53:40+00:00\",\"dateModified\":\"2018-09-12T21:09:33+00:00\",\"breadcrumb\":{\"@id\":\"https:\/\/www.neuchatelhockeyclub.ch\/index.php\/equipes\/u8-u10-u12\/#breadcrumb\"},\"inLanguage\":\"fr-FR\",\"potentialAction\":[{\"@type\":\"ReadAction\",\"target\":[\"https:\/\/www.neuchatelhockeyclub.ch\/index.php\/equipes\/u8-u10-u12\/\"]}]},{\"@type\":\"ImageObject\",\"inLanguage\":\"fr-FR\",\"@id\":\"https:\/\/www.neuchatelhockeyclub.ch\/index.php\/equipes\/u8-u10-u12\/#primaryimage\",\"url\":\"http:\/\/192.168.71.102:8008\/wp-content\/uploads\/2017\/11\/IMG_6419-1024x768.jpg\",\"contentUrl\":\"http:\/\/192.168.71.102:8008\/wp-content\/uploads\/2017\/11\/IMG_6419-1024x768.jpg\"},{\"@type\":\"BreadcrumbList\",\"@id\":\"https:\/\/www.neuchatelhockeyclub.ch\/index.php\/equipes\/u8-u10-u12\/#breadcrumb\",\"itemListElement\":[{\"@type\":\"ListItem\",\"position\":1,\"name\":\"Home\",\"item\":\"https:\/\/www.neuchatelhockeyclub.ch\/\"},{\"@type\":\"ListItem\",\"position\":2,\"name\":\"Equipes\",\"item\":\"https:\/\/www.neuchatelhockeyclub.ch\/index.php\/equipes\/\"},{\"@type\":\"ListItem\",\"position\":3,\"name\":\"U8-U10-U12\"}]},{\"@type\":\"WebSite\",\"@id\":\"https:\/\/www.neuchatelhockeyclub.ch\/#website\",\"url\":\"https:\/\/www.neuchatelhockeyclub.ch\/\",\"name\":\"Neuch\u00e2tel Hockey Club\",\"description\":\"Hockey sur gazon\",\"potentialAction\":[{\"@type\":\"SearchAction\",\"target\":{\"@type\":\"EntryPoint\",\"urlTemplate\":\"https:\/\/www.neuchatelhockeyclub.ch\/?s={search_term_string}\"},\"query-input\":{\"@type\":\"PropertyValueSpecification\",\"valueRequired\":true,\"valueName\":\"search_term_string\"}}],\"inLanguage\":\"fr-FR\"}]}<\/script>\n<!-- \/ Yoast SEO plugin. -->","yoast_head_json":{"title":"U8-U10-U12 - Neuch\u00e2tel Hockey Club","robots":{"index":"index","follow":"follow","max-snippet":"max-snippet:-1","max-image-preview":"max-image-preview:large","max-video-preview":"max-video-preview:-1"},"canonical":"https:\/\/www.neuchatelhockeyclub.ch\/index.php\/equipes\/u8-u10-u12\/","og_locale":"fr_FR","og_type":"article","og_title":"U8-U10-U12 - Neuch\u00e2tel Hockey Club","og_description":"Equipes U8 \u00e0 U12 pour\u00a0gar\u00e7ons\u00a0et\u00a0fillesCat\u00e9gories :U8 (moins de 8 ans)U10 (moins de 10 ans)U12 (moins de 12 ans) Cannes et balles sont mises \u00e0 disposition. (lieux d&rsquo;entra\u00eenements disponibles ici : Le Club\/Terrains) C&rsquo;est\u00a0tous les\u00a0mercredi, voir la page\u00a0Agenda\u00a0pour les horaires. Equipe Junior U12","og_url":"https:\/\/www.neuchatelhockeyclub.ch\/index.php\/equipes\/u8-u10-u12\/","og_site_name":"Neuch\u00e2tel Hockey Club","article_modified_time":"2018-09-12T21:09:33+00:00","og_image":[{"url":"http:\/\/192.168.71.102:8008\/wp-content\/uploads\/2017\/11\/IMG_6419-1024x768.jpg","type":"","width":"","height":""}],"twitter_card":"summary_large_image","schema":{"@context":"https:\/\/schema.org","@graph":[{"@type":"WebPage","@id":"https:\/\/www.neuchatelhockeyclub.ch\/index.php\/equipes\/u8-u10-u12\/","url":"https:\/\/www.neuchatelhockeyclub.ch\/index.php\/equipes\/u8-u10-u12\/","name":"U8-U10-U12 - Neuch\u00e2tel Hockey Club","isPartOf":{"@id":"https:\/\/www.neuchatelhockeyclub.ch\/#website"},"primaryImageOfPage":{"@id":"https:\/\/www.neuchatelhockeyclub.ch\/index.php\/equipes\/u8-u10-u12\/#primaryimage"},"image":{"@id":"https:\/\/www.neuchatelhockeyclub.ch\/index.php\/equipes\/u8-u10-u12\/#primaryimage"},"thumbnailUrl":"http:\/\/192.168.71.102:8008\/wp-content\/uploads\/2017\/11\/IMG_6419-1024x768.jpg","datePublished":"2017-11-20T15:53:40+00:00","dateModified":"2018-09-12T21:09:33+00:00","breadcrumb":{"@id":"https:\/\/www.neuchatelhockeyclub.ch\/index.php\/equipes\/u8-u10-u12\/#breadcrumb"},"inLanguage":"fr-FR","potentialAction":[{"@type":"ReadAction","target":["https:\/\/www.neuchatelhockeyclub.ch\/index.php\/equipes\/u8-u10-u12\/"]}]},{"@type":"ImageObject","inLanguage":"fr-FR","@id":"https:\/\/www.neuchatelhockeyclub.ch\/index.php\/equipes\/u8-u10-u12\/#primaryimage","url":"http:\/\/192.168.71.102:8008\/wp-content\/uploads\/2017\/11\/IMG_6419-1024x768.jpg","contentUrl":"http:\/\/192.168.71.102:8008\/wp-content\/uploads\/2017\/11\/IMG_6419-1024x768.jpg"},{"@type":"BreadcrumbList","@id":"https:\/\/www.neuchatelhockeyclub.ch\/index.php\/equipes\/u8-u10-u12\/#breadcrumb","itemListElement":[{"@type":"ListItem","position":1,"name":"Home","item":"https:\/\/www.neuchatelhockeyclub.ch\/"},{"@type":"ListItem","position":2,"name":"Equipes","item":"https:\/\/www.neuchatelhockeyclub.ch\/index.php\/equipes\/"},{"@type":"ListItem","position":3,"name":"U8-U10-U12"}]},{"@type":"WebSite","@id":"https:\/\/www.neuchatelhockeyclub.ch\/#website","url":"https:\/\/www.neuchatelhockeyclub.ch\/","name":"Neuch\u00e2tel Hockey Club","description":"Hockey sur gazon","potentialAction":[{"@type":"SearchAction","target":{"@type":"EntryPoint","urlTemplate":"https:\/\/www.neuchatelhockeyclub.ch\/?s={search_term_string}"},"query-input":{"@type":"PropertyValueSpecification","valueRequired":true,"valueName":"search_term_string"}}],"inLanguage":"fr-FR"}]}},"_links":{"self":[{"href":"https:\/\/www.neuchatelhockeyclub.ch\/index.php\/wp-json\/wp\/v2\/pages\/78","targetHints":{"allow":["GET"]}}],"collection":[{"href":"https:\/\/www.neuchatelhockeyclub.ch\/index.php\/wp-json\/wp\/v2\/pages"}],"about":[{"href":"https:\/\/www.neuchatelhockeyclub.ch\/index.php\/wp-json\/wp\/v2\/types\/page"}],"author":[{"embeddable":true,"href":"https:\/\/www.neuchatelhockeyclub.ch\/index.php\/wp-json\/wp\/v2\/users\/2"}],"replies":[{"embeddable":true,"href":"https:\/\/www.neuchatelhockeyclub.ch\/index.php\/wp-json\/wp\/v2\/comments?post=78"}],"version-history":[{"count":14,"href":"https:\/\/www.neuchatelhockeyclub.ch\/index.php\/wp-json\/wp\/v2\/pages\/78\/revisions"}],"predecessor-version":[{"id":723,"href":"https:\/\/www.neuchatelhockeyclub.ch\/index.php\/wp-json\/wp\/v2\/pages\/78\/revisions\/723"}],"up":[{"embeddable":true,"href":"https:\/\/www.neuchatelhockeyclub.ch\/index.php\/wp-json\/wp\/v2\/pages\/133"}],"wp:attachment":[{"href":"https:\/\/www.neuchatelhockeyclub.ch\/index.php\/wp-json\/wp\/v2\/media?parent=78"}],"curies":[{"name":"wp","href":"https:\/\/api.w.org\/{rel}","templated":true}]}}