{"id":268,"date":"2017-11-27T16:47:01","date_gmt":"2017-11-27T15:47:01","guid":{"rendered":"http:\/\/neuchatelhockeyclub.ch\/?page_id=268"},"modified":"2018-06-05T21:19:14","modified_gmt":"2018-06-05T20:19:14","slug":"mixte","status":"publish","type":"page","link":"https:\/\/www.neuchatelhockeyclub.ch\/index.php\/equipes\/mixte\/","title":{"rendered":"Mixte (+12 ans)"},"content":{"rendered":"\t\t<div data-elementor-type=\"wp-post\" data-elementor-id=\"268\" class=\"elementor elementor-268 elementor-bc-flex-widget\">\n\t\t\t\t\t\t<section class=\"elementor-section elementor-top-section elementor-element elementor-element-337026d1 elementor-section-boxed elementor-section-height-default elementor-section-height-default\" data-id=\"337026d1\" data-element_type=\"section\">\n\t\t\t\t\t\t<div class=\"elementor-container elementor-column-gap-default\">\n\t\t\t\t\t<div class=\"elementor-column elementor-col-100 elementor-top-column elementor-element elementor-element-1eb8d9f7\" data-id=\"1eb8d9f7\" data-element_type=\"column\">\n\t\t\t<div class=\"elementor-widget-wrap elementor-element-populated\">\n\t\t\t\t\t\t<section class=\"elementor-section elementor-inner-section elementor-element elementor-element-24a576d elementor-section-boxed elementor-section-height-default elementor-section-height-default\" data-id=\"24a576d\" data-element_type=\"section\">\n\t\t\t\t\t\t<div class=\"elementor-container elementor-column-gap-default\">\n\t\t\t\t\t<div class=\"elementor-column elementor-col-50 elementor-inner-column elementor-element elementor-element-2c926e1\" data-id=\"2c926e1\" data-element_type=\"column\">\n\t\t\t<div class=\"elementor-widget-wrap elementor-element-populated\">\n\t\t\t\t\t\t<div class=\"elementor-element elementor-element-3e7a408 elementor-widget elementor-widget-text-editor\" data-id=\"3e7a408\" data-element_type=\"widget\" data-widget_type=\"text-editor.default\">\n\t\t\t\t<div class=\"elementor-widget-container\">\n\t\t\t\t\t\t\t\t\t<h1 style=\"font-family: Roboto, sans-serif; font-style: normal;\">Equipe mixte (+12 ans)<\/h1><h4 style=\"font-family: Roboto, sans-serif; font-style: normal;\">Nous sommes constamment \u00e0 la recherche de nouveaux venus pour compl\u00e9ter notre \u00e9quipe mixte. Elle se compose de jeunes \u00e0 partir de 12 ans et de moins jeunes, dans un esprit emprunt de respect et de plaisir.\u00a0<\/h4><h4 style=\"font-family: Roboto, sans-serif; font-style: normal;\">N&rsquo;h\u00e9sitez pas \u00e0 prendre contact avec nous via le formulaire de contact.<\/h4><h4 style=\"font-family: Roboto, sans-serif; font-style: normal;\">\u00a0<\/h4>\t\t\t\t\t\t\t\t<\/div>\n\t\t\t\t<\/div>\n\t\t\t\t\t<\/div>\n\t\t<\/div>\n\t\t\t\t<div class=\"elementor-column elementor-col-50 elementor-inner-column elementor-element elementor-element-bf2ca58\" data-id=\"bf2ca58\" data-element_type=\"column\">\n\t\t\t<div class=\"elementor-widget-wrap elementor-element-populated\">\n\t\t\t\t\t\t<div class=\"elementor-element elementor-element-3f5b37f elementor-widget elementor-widget-image\" data-id=\"3f5b37f\" data-element_type=\"widget\" data-widget_type=\"image.default\">\n\t\t\t\t<div class=\"elementor-widget-container\">\n\t\t\t\t\t\t\t\t\t\t\t\t<figure class=\"wp-caption\">\n\t\t\t\t\t\t\t\t\t\t\t<a href=\"http:\/\/192.168.71.102:8008\/wp-content\/uploads\/2018\/06\/34345942_256507594895244_6357473753328254976_o.jpg\" data-elementor-open-lightbox=\"yes\" data-elementor-lightbox-title=\"34345942_256507594895244_6357473753328254976_o\" data-e-action-hash=\"#elementor-action%3Aaction%3Dlightbox%26settings%3DeyJpZCI6Njk5LCJ1cmwiOiJodHRwczpcL1wvd3d3Lm5ldWNoYXRlbGhvY2tleWNsdWIuY2hcL3dwLWNvbnRlbnRcL3VwbG9hZHNcLzIwMThcLzA2XC8zNDM0NTk0Ml8yNTY1MDc1OTQ4OTUyNDRfNjM1NzQ3Mzc1MzMyODI1NDk3Nl9vLmpwZyJ9\">\n\t\t\t\t\t\t\t<img fetchpriority=\"high\" decoding=\"async\" width=\"654\" height=\"491\" src=\"https:\/\/www.neuchatelhockeyclub.ch\/wp-content\/uploads\/2018\/06\/34345942_256507594895244_6357473753328254976_o-1024x768.jpg\" class=\"attachment-large size-large wp-image-699\" alt=\"\" srcset=\"https:\/\/www.neuchatelhockeyclub.ch\/wp-content\/uploads\/2018\/06\/34345942_256507594895244_6357473753328254976_o-1024x768.jpg 1024w, https:\/\/www.neuchatelhockeyclub.ch\/wp-content\/uploads\/2018\/06\/34345942_256507594895244_6357473753328254976_o-300x225.jpg 300w, https:\/\/www.neuchatelhockeyclub.ch\/wp-content\/uploads\/2018\/06\/34345942_256507594895244_6357473753328254976_o-768x576.jpg 768w, https:\/\/www.neuchatelhockeyclub.ch\/wp-content\/uploads\/2018\/06\/34345942_256507594895244_6357473753328254976_o-1x1.jpg 1w, https:\/\/www.neuchatelhockeyclub.ch\/wp-content\/uploads\/2018\/06\/34345942_256507594895244_6357473753328254976_o.jpg 1600w\" sizes=\"(max-width: 654px) 100vw, 654px\" \/>\t\t\t\t\t\t\t\t<\/a>\n\t\t\t\t\t\t\t\t\t\t\t<figcaption class=\"widget-image-caption wp-caption-text\">Equipe mixte (+12 ans) lors du match au Stade Lausanne (03.06.18)<\/figcaption>\n\t\t\t\t\t\t\t\t\t\t<\/figure>\n\t\t\t\t\t\t\t\t\t<\/div>\n\t\t\t\t<\/div>\n\t\t\t\t\t<\/div>\n\t\t<\/div>\n\t\t\t\t\t<\/div>\n\t\t<\/section>\n\t\t\t\t\t<\/div>\n\t\t<\/div>\n\t\t\t\t\t<\/div>\n\t\t<\/section>\n\t\t\t\t<\/div>\n\t\t","protected":false},"excerpt":{"rendered":"<p>Equipe mixte (+12 ans) Nous sommes constamment \u00e0 la recherche de nouveaux venus pour compl\u00e9ter notre \u00e9quipe mixte. Elle se compose de jeunes \u00e0 partir de 12 ans et de moins jeunes, dans un esprit emprunt de respect et de plaisir.\u00a0 N&rsquo;h\u00e9sitez pas \u00e0 prendre contact avec nous via le formulaire de contact. \u00a0 Equipe [&hellip;]<\/p>\n","protected":false},"author":2,"featured_media":0,"parent":133,"menu_order":3,"comment_status":"closed","ping_status":"closed","template":"page-templates\/full-width.php","meta":{"footnotes":""},"class_list":["post-268","page","type-page","status-publish","hentry"],"yoast_head":"<!-- This site is optimized with the Yoast SEO plugin v25.1 - https:\/\/yoast.com\/wordpress\/plugins\/seo\/ -->\n<title>Mixte (+12 ans) - Neuch\u00e2tel Hockey Club<\/title>\n<meta name=\"robots\" content=\"index, follow, max-snippet:-1, max-image-preview:large, max-video-preview:-1\" \/>\n<link rel=\"canonical\" href=\"https:\/\/www.neuchatelhockeyclub.ch\/index.php\/equipes\/mixte\/\" \/>\n<meta property=\"og:locale\" content=\"fr_FR\" \/>\n<meta property=\"og:type\" content=\"article\" \/>\n<meta property=\"og:title\" content=\"Mixte (+12 ans) - Neuch\u00e2tel Hockey Club\" \/>\n<meta property=\"og:description\" content=\"Equipe mixte (+12 ans) Nous sommes constamment \u00e0 la recherche de nouveaux venus pour compl\u00e9ter notre \u00e9quipe mixte. Elle se compose de jeunes \u00e0 partir de 12 ans et de moins jeunes, dans un esprit emprunt de respect et de plaisir.\u00a0 N&rsquo;h\u00e9sitez pas \u00e0 prendre contact avec nous via le formulaire de contact. \u00a0 Equipe [&hellip;]\" \/>\n<meta property=\"og:url\" content=\"https:\/\/www.neuchatelhockeyclub.ch\/index.php\/equipes\/mixte\/\" \/>\n<meta property=\"og:site_name\" content=\"Neuch\u00e2tel Hockey Club\" \/>\n<meta property=\"article:modified_time\" content=\"2018-06-05T20:19:14+00:00\" \/>\n<meta property=\"og:image\" content=\"http:\/\/192.168.71.102:8008\/wp-content\/uploads\/2018\/06\/34345942_256507594895244_6357473753328254976_o-1024x768.jpg\" \/>\n<meta name=\"twitter:card\" content=\"summary_large_image\" \/>\n<script type=\"application\/ld+json\" class=\"yoast-schema-graph\">{\"@context\":\"https:\/\/schema.org\",\"@graph\":[{\"@type\":\"WebPage\",\"@id\":\"https:\/\/www.neuchatelhockeyclub.ch\/index.php\/equipes\/mixte\/\",\"url\":\"https:\/\/www.neuchatelhockeyclub.ch\/index.php\/equipes\/mixte\/\",\"name\":\"Mixte (+12 ans) - Neuch\u00e2tel Hockey Club\",\"isPartOf\":{\"@id\":\"https:\/\/www.neuchatelhockeyclub.ch\/#website\"},\"primaryImageOfPage\":{\"@id\":\"https:\/\/www.neuchatelhockeyclub.ch\/index.php\/equipes\/mixte\/#primaryimage\"},\"image\":{\"@id\":\"https:\/\/www.neuchatelhockeyclub.ch\/index.php\/equipes\/mixte\/#primaryimage\"},\"thumbnailUrl\":\"http:\/\/192.168.71.102:8008\/wp-content\/uploads\/2018\/06\/34345942_256507594895244_6357473753328254976_o-1024x768.jpg\",\"datePublished\":\"2017-11-27T15:47:01+00:00\",\"dateModified\":\"2018-06-05T20:19:14+00:00\",\"breadcrumb\":{\"@id\":\"https:\/\/www.neuchatelhockeyclub.ch\/index.php\/equipes\/mixte\/#breadcrumb\"},\"inLanguage\":\"fr-FR\",\"potentialAction\":[{\"@type\":\"ReadAction\",\"target\":[\"https:\/\/www.neuchatelhockeyclub.ch\/index.php\/equipes\/mixte\/\"]}]},{\"@type\":\"ImageObject\",\"inLanguage\":\"fr-FR\",\"@id\":\"https:\/\/www.neuchatelhockeyclub.ch\/index.php\/equipes\/mixte\/#primaryimage\",\"url\":\"http:\/\/192.168.71.102:8008\/wp-content\/uploads\/2018\/06\/34345942_256507594895244_6357473753328254976_o-1024x768.jpg\",\"contentUrl\":\"http:\/\/192.168.71.102:8008\/wp-content\/uploads\/2018\/06\/34345942_256507594895244_6357473753328254976_o-1024x768.jpg\"},{\"@type\":\"BreadcrumbList\",\"@id\":\"https:\/\/www.neuchatelhockeyclub.ch\/index.php\/equipes\/mixte\/#breadcrumb\",\"itemListElement\":[{\"@type\":\"ListItem\",\"position\":1,\"name\":\"Home\",\"item\":\"https:\/\/www.neuchatelhockeyclub.ch\/\"},{\"@type\":\"ListItem\",\"position\":2,\"name\":\"Equipes\",\"item\":\"https:\/\/www.neuchatelhockeyclub.ch\/index.php\/equipes\/\"},{\"@type\":\"ListItem\",\"position\":3,\"name\":\"Mixte (+12 ans)\"}]},{\"@type\":\"WebSite\",\"@id\":\"https:\/\/www.neuchatelhockeyclub.ch\/#website\",\"url\":\"https:\/\/www.neuchatelhockeyclub.ch\/\",\"name\":\"Neuch\u00e2tel Hockey Club\",\"description\":\"Hockey sur gazon\",\"potentialAction\":[{\"@type\":\"SearchAction\",\"target\":{\"@type\":\"EntryPoint\",\"urlTemplate\":\"https:\/\/www.neuchatelhockeyclub.ch\/?s={search_term_string}\"},\"query-input\":{\"@type\":\"PropertyValueSpecification\",\"valueRequired\":true,\"valueName\":\"search_term_string\"}}],\"inLanguage\":\"fr-FR\"}]}<\/script>\n<!-- \/ Yoast SEO plugin. -->","yoast_head_json":{"title":"Mixte (+12 ans) - Neuch\u00e2tel Hockey Club","robots":{"index":"index","follow":"follow","max-snippet":"max-snippet:-1","max-image-preview":"max-image-preview:large","max-video-preview":"max-video-preview:-1"},"canonical":"https:\/\/www.neuchatelhockeyclub.ch\/index.php\/equipes\/mixte\/","og_locale":"fr_FR","og_type":"article","og_title":"Mixte (+12 ans) - Neuch\u00e2tel Hockey Club","og_description":"Equipe mixte (+12 ans) Nous sommes constamment \u00e0 la recherche de nouveaux venus pour compl\u00e9ter notre \u00e9quipe mixte. Elle se compose de jeunes \u00e0 partir de 12 ans et de moins jeunes, dans un esprit emprunt de respect et de plaisir.\u00a0 N&rsquo;h\u00e9sitez pas \u00e0 prendre contact avec nous via le formulaire de contact. \u00a0 Equipe [&hellip;]","og_url":"https:\/\/www.neuchatelhockeyclub.ch\/index.php\/equipes\/mixte\/","og_site_name":"Neuch\u00e2tel Hockey Club","article_modified_time":"2018-06-05T20:19:14+00:00","og_image":[{"url":"http:\/\/192.168.71.102:8008\/wp-content\/uploads\/2018\/06\/34345942_256507594895244_6357473753328254976_o-1024x768.jpg","type":"","width":"","height":""}],"twitter_card":"summary_large_image","schema":{"@context":"https:\/\/schema.org","@graph":[{"@type":"WebPage","@id":"https:\/\/www.neuchatelhockeyclub.ch\/index.php\/equipes\/mixte\/","url":"https:\/\/www.neuchatelhockeyclub.ch\/index.php\/equipes\/mixte\/","name":"Mixte (+12 ans) - Neuch\u00e2tel Hockey Club","isPartOf":{"@id":"https:\/\/www.neuchatelhockeyclub.ch\/#website"},"primaryImageOfPage":{"@id":"https:\/\/www.neuchatelhockeyclub.ch\/index.php\/equipes\/mixte\/#primaryimage"},"image":{"@id":"https:\/\/www.neuchatelhockeyclub.ch\/index.php\/equipes\/mixte\/#primaryimage"},"thumbnailUrl":"http:\/\/192.168.71.102:8008\/wp-content\/uploads\/2018\/06\/34345942_256507594895244_6357473753328254976_o-1024x768.jpg","datePublished":"2017-11-27T15:47:01+00:00","dateModified":"2018-06-05T20:19:14+00:00","breadcrumb":{"@id":"https:\/\/www.neuchatelhockeyclub.ch\/index.php\/equipes\/mixte\/#breadcrumb"},"inLanguage":"fr-FR","potentialAction":[{"@type":"ReadAction","target":["https:\/\/www.neuchatelhockeyclub.ch\/index.php\/equipes\/mixte\/"]}]},{"@type":"ImageObject","inLanguage":"fr-FR","@id":"https:\/\/www.neuchatelhockeyclub.ch\/index.php\/equipes\/mixte\/#primaryimage","url":"http:\/\/192.168.71.102:8008\/wp-content\/uploads\/2018\/06\/34345942_256507594895244_6357473753328254976_o-1024x768.jpg","contentUrl":"http:\/\/192.168.71.102:8008\/wp-content\/uploads\/2018\/06\/34345942_256507594895244_6357473753328254976_o-1024x768.jpg"},{"@type":"BreadcrumbList","@id":"https:\/\/www.neuchatelhockeyclub.ch\/index.php\/equipes\/mixte\/#breadcrumb","itemListElement":[{"@type":"ListItem","position":1,"name":"Home","item":"https:\/\/www.neuchatelhockeyclub.ch\/"},{"@type":"ListItem","position":2,"name":"Equipes","item":"https:\/\/www.neuchatelhockeyclub.ch\/index.php\/equipes\/"},{"@type":"ListItem","position":3,"name":"Mixte (+12 ans)"}]},{"@type":"WebSite","@id":"https:\/\/www.neuchatelhockeyclub.ch\/#website","url":"https:\/\/www.neuchatelhockeyclub.ch\/","name":"Neuch\u00e2tel Hockey Club","description":"Hockey sur gazon","potentialAction":[{"@type":"SearchAction","target":{"@type":"EntryPoint","urlTemplate":"https:\/\/www.neuchatelhockeyclub.ch\/?s={search_term_string}"},"query-input":{"@type":"PropertyValueSpecification","valueRequired":true,"valueName":"search_term_string"}}],"inLanguage":"fr-FR"}]}},"_links":{"self":[{"href":"https:\/\/www.neuchatelhockeyclub.ch\/index.php\/wp-json\/wp\/v2\/pages\/268","targetHints":{"allow":["GET"]}}],"collection":[{"href":"https:\/\/www.neuchatelhockeyclub.ch\/index.php\/wp-json\/wp\/v2\/pages"}],"about":[{"href":"https:\/\/www.neuchatelhockeyclub.ch\/index.php\/wp-json\/wp\/v2\/types\/page"}],"author":[{"embeddable":true,"href":"https:\/\/www.neuchatelhockeyclub.ch\/index.php\/wp-json\/wp\/v2\/users\/2"}],"replies":[{"embeddable":true,"href":"https:\/\/www.neuchatelhockeyclub.ch\/index.php\/wp-json\/wp\/v2\/comments?post=268"}],"version-history":[{"count":8,"href":"https:\/\/www.neuchatelhockeyclub.ch\/index.php\/wp-json\/wp\/v2\/pages\/268\/revisions"}],"predecessor-version":[{"id":707,"href":"https:\/\/www.neuchatelhockeyclub.ch\/index.php\/wp-json\/wp\/v2\/pages\/268\/revisions\/707"}],"up":[{"embeddable":true,"href":"https:\/\/www.neuchatelhockeyclub.ch\/index.php\/wp-json\/wp\/v2\/pages\/133"}],"wp:attachment":[{"href":"https:\/\/www.neuchatelhockeyclub.ch\/index.php\/wp-json\/wp\/v2\/media?parent=268"}],"curies":[{"name":"wp","href":"https:\/\/api.w.org\/{rel}","templated":true}]}}