{"id":185,"date":"2017-11-20T22:58:24","date_gmt":"2017-11-20T21:58:24","guid":{"rendered":"http:\/\/neuchatelhockeyclub.ch\/?page_id=185"},"modified":"2018-06-05T21:18:02","modified_gmt":"2018-06-05T20:18:02","slug":"ecole-de-hockey","status":"publish","type":"page","link":"https:\/\/www.neuchatelhockeyclub.ch\/index.php\/equipes\/ecole-de-hockey\/","title":{"rendered":"Ecole de hockey"},"content":{"rendered":"\t\t<div data-elementor-type=\"wp-post\" data-elementor-id=\"185\" class=\"elementor elementor-185 elementor-bc-flex-widget\">\n\t\t\t\t\t\t<section class=\"elementor-section elementor-top-section elementor-element elementor-element-cd64783 elementor-section-boxed elementor-section-height-default elementor-section-height-default\" data-id=\"cd64783\" data-element_type=\"section\">\n\t\t\t\t\t\t<div class=\"elementor-container elementor-column-gap-default\">\n\t\t\t\t\t<div class=\"elementor-column elementor-col-100 elementor-top-column elementor-element elementor-element-90c32a5\" data-id=\"90c32a5\" data-element_type=\"column\">\n\t\t\t<div class=\"elementor-widget-wrap elementor-element-populated\">\n\t\t\t\t\t\t<section class=\"elementor-section elementor-inner-section elementor-element elementor-element-9fb8801 elementor-section-boxed elementor-section-height-default elementor-section-height-default\" data-id=\"9fb8801\" data-element_type=\"section\">\n\t\t\t\t\t\t<div class=\"elementor-container elementor-column-gap-default\">\n\t\t\t\t\t<div class=\"elementor-column elementor-col-50 elementor-inner-column elementor-element elementor-element-5d1e04f\" data-id=\"5d1e04f\" data-element_type=\"column\">\n\t\t\t<div class=\"elementor-widget-wrap elementor-element-populated\">\n\t\t\t\t\t\t<div class=\"elementor-element elementor-element-8d9ecfc elementor-widget elementor-widget-text-editor\" data-id=\"8d9ecfc\" data-element_type=\"widget\" data-widget_type=\"text-editor.default\">\n\t\t\t\t<div class=\"elementor-widget-container\">\n\t\t\t\t\t\t\t\t\t<h1>Ecole de hockey<\/h1><div><p>Le Neuch\u00e2tel Hockey Club a pour ambition d&rsquo;ouvrir une \u00e9cole de hockey (salle &amp; gazon) \u00e0 destination des enfants de 4 \u00e0 9 ans. Si vous \u00eates int\u00e9ress\u00e9s par cette d\u00e9marche, n&rsquo;h\u00e9sitez pas \u00e0 prendre contact avec nous via le formulaire de contact.<\/p><p>L&rsquo;objectif est d&rsquo;offrir la pratique du sport au travers d&rsquo;entra\u00eenements polysportifs avec en point central le hockey.\u00a0<\/p><p>Tout cela par l&rsquo;entremise de Moniteurs et Experts form\u00e9s, Sport des enfants selon le programme national<span style=\"font-size: 14px;\">\u00a0Jeunesse &amp; Sport.<\/span><\/p><\/div>\t\t\t\t\t\t\t\t<\/div>\n\t\t\t\t<\/div>\n\t\t\t\t\t<\/div>\n\t\t<\/div>\n\t\t\t\t<div class=\"elementor-column elementor-col-50 elementor-inner-column elementor-element elementor-element-cd06366\" data-id=\"cd06366\" data-element_type=\"column\">\n\t\t\t<div class=\"elementor-widget-wrap elementor-element-populated\">\n\t\t\t\t\t\t<div class=\"elementor-element elementor-element-ba1c8ba elementor-widget elementor-widget-image\" data-id=\"ba1c8ba\" data-element_type=\"widget\" data-widget_type=\"image.default\">\n\t\t\t\t<div class=\"elementor-widget-container\">\n\t\t\t\t\t\t\t\t\t\t\t\t<figure class=\"wp-caption\">\n\t\t\t\t\t\t\t\t\t\t<img fetchpriority=\"high\" decoding=\"async\" width=\"654\" height=\"491\" src=\"https:\/\/www.neuchatelhockeyclub.ch\/wp-content\/uploads\/2018\/06\/31727641_246545659224771_952088670637129728_o-1024x768.jpg\" class=\"attachment-large size-large wp-image-704\" alt=\"\" srcset=\"https:\/\/www.neuchatelhockeyclub.ch\/wp-content\/uploads\/2018\/06\/31727641_246545659224771_952088670637129728_o-1024x768.jpg 1024w, https:\/\/www.neuchatelhockeyclub.ch\/wp-content\/uploads\/2018\/06\/31727641_246545659224771_952088670637129728_o-300x225.jpg 300w, https:\/\/www.neuchatelhockeyclub.ch\/wp-content\/uploads\/2018\/06\/31727641_246545659224771_952088670637129728_o-768x576.jpg 768w, https:\/\/www.neuchatelhockeyclub.ch\/wp-content\/uploads\/2018\/06\/31727641_246545659224771_952088670637129728_o-1x1.jpg 1w, https:\/\/www.neuchatelhockeyclub.ch\/wp-content\/uploads\/2018\/06\/31727641_246545659224771_952088670637129728_o.jpg 2040w\" sizes=\"(max-width: 654px) 100vw, 654px\" \/>\t\t\t\t\t\t\t\t\t\t\t<figcaption class=\"widget-image-caption wp-caption-text\">Enfants \u00e0 la d\u00e9couverte du hockey sur gazon<\/figcaption>\n\t\t\t\t\t\t\t\t\t\t<\/figure>\n\t\t\t\t\t\t\t\t\t<\/div>\n\t\t\t\t<\/div>\n\t\t\t\t\t<\/div>\n\t\t<\/div>\n\t\t\t\t\t<\/div>\n\t\t<\/section>\n\t\t\t\t\t<\/div>\n\t\t<\/div>\n\t\t\t\t\t<\/div>\n\t\t<\/section>\n\t\t\t\t<\/div>\n\t\t","protected":false},"excerpt":{"rendered":"<p>Ecole de hockey Le Neuch\u00e2tel Hockey Club a pour ambition d&rsquo;ouvrir une \u00e9cole de hockey (salle &amp; gazon) \u00e0 destination des enfants de 4 \u00e0 9 ans. Si vous \u00eates int\u00e9ress\u00e9s par cette d\u00e9marche, n&rsquo;h\u00e9sitez pas \u00e0 prendre contact avec nous via le formulaire de contact. L&rsquo;objectif est d&rsquo;offrir la pratique du sport au travers [&hellip;]<\/p>\n","protected":false},"author":2,"featured_media":0,"parent":133,"menu_order":0,"comment_status":"closed","ping_status":"closed","template":"page-templates\/full-width.php","meta":{"footnotes":""},"class_list":["post-185","page","type-page","status-publish","hentry"],"yoast_head":"<!-- This site is optimized with the Yoast SEO plugin v25.1 - https:\/\/yoast.com\/wordpress\/plugins\/seo\/ -->\n<title>Ecole de hockey - Neuch\u00e2tel Hockey Club<\/title>\n<meta name=\"robots\" content=\"index, follow, max-snippet:-1, max-image-preview:large, max-video-preview:-1\" \/>\n<link rel=\"canonical\" href=\"https:\/\/www.neuchatelhockeyclub.ch\/index.php\/equipes\/ecole-de-hockey\/\" \/>\n<meta property=\"og:locale\" content=\"fr_FR\" \/>\n<meta property=\"og:type\" content=\"article\" \/>\n<meta property=\"og:title\" content=\"Ecole de hockey - Neuch\u00e2tel Hockey Club\" \/>\n<meta property=\"og:description\" content=\"Ecole de hockey Le Neuch\u00e2tel Hockey Club a pour ambition d&rsquo;ouvrir une \u00e9cole de hockey (salle &amp; gazon) \u00e0 destination des enfants de 4 \u00e0 9 ans. Si vous \u00eates int\u00e9ress\u00e9s par cette d\u00e9marche, n&rsquo;h\u00e9sitez pas \u00e0 prendre contact avec nous via le formulaire de contact. L&rsquo;objectif est d&rsquo;offrir la pratique du sport au travers [&hellip;]\" \/>\n<meta property=\"og:url\" content=\"https:\/\/www.neuchatelhockeyclub.ch\/index.php\/equipes\/ecole-de-hockey\/\" \/>\n<meta property=\"og:site_name\" content=\"Neuch\u00e2tel Hockey Club\" \/>\n<meta property=\"article:modified_time\" content=\"2018-06-05T20:18:02+00:00\" \/>\n<meta property=\"og:image\" content=\"http:\/\/192.168.71.102:8008\/wp-content\/uploads\/2018\/06\/31727641_246545659224771_952088670637129728_o-1024x768.jpg\" \/>\n<meta name=\"twitter:card\" content=\"summary_large_image\" \/>\n<script type=\"application\/ld+json\" class=\"yoast-schema-graph\">{\"@context\":\"https:\/\/schema.org\",\"@graph\":[{\"@type\":\"WebPage\",\"@id\":\"https:\/\/www.neuchatelhockeyclub.ch\/index.php\/equipes\/ecole-de-hockey\/\",\"url\":\"https:\/\/www.neuchatelhockeyclub.ch\/index.php\/equipes\/ecole-de-hockey\/\",\"name\":\"Ecole de hockey - Neuch\u00e2tel Hockey Club\",\"isPartOf\":{\"@id\":\"https:\/\/www.neuchatelhockeyclub.ch\/#website\"},\"primaryImageOfPage\":{\"@id\":\"https:\/\/www.neuchatelhockeyclub.ch\/index.php\/equipes\/ecole-de-hockey\/#primaryimage\"},\"image\":{\"@id\":\"https:\/\/www.neuchatelhockeyclub.ch\/index.php\/equipes\/ecole-de-hockey\/#primaryimage\"},\"thumbnailUrl\":\"http:\/\/192.168.71.102:8008\/wp-content\/uploads\/2018\/06\/31727641_246545659224771_952088670637129728_o-1024x768.jpg\",\"datePublished\":\"2017-11-20T21:58:24+00:00\",\"dateModified\":\"2018-06-05T20:18:02+00:00\",\"breadcrumb\":{\"@id\":\"https:\/\/www.neuchatelhockeyclub.ch\/index.php\/equipes\/ecole-de-hockey\/#breadcrumb\"},\"inLanguage\":\"fr-FR\",\"potentialAction\":[{\"@type\":\"ReadAction\",\"target\":[\"https:\/\/www.neuchatelhockeyclub.ch\/index.php\/equipes\/ecole-de-hockey\/\"]}]},{\"@type\":\"ImageObject\",\"inLanguage\":\"fr-FR\",\"@id\":\"https:\/\/www.neuchatelhockeyclub.ch\/index.php\/equipes\/ecole-de-hockey\/#primaryimage\",\"url\":\"http:\/\/192.168.71.102:8008\/wp-content\/uploads\/2018\/06\/31727641_246545659224771_952088670637129728_o-1024x768.jpg\",\"contentUrl\":\"http:\/\/192.168.71.102:8008\/wp-content\/uploads\/2018\/06\/31727641_246545659224771_952088670637129728_o-1024x768.jpg\"},{\"@type\":\"BreadcrumbList\",\"@id\":\"https:\/\/www.neuchatelhockeyclub.ch\/index.php\/equipes\/ecole-de-hockey\/#breadcrumb\",\"itemListElement\":[{\"@type\":\"ListItem\",\"position\":1,\"name\":\"Home\",\"item\":\"https:\/\/www.neuchatelhockeyclub.ch\/\"},{\"@type\":\"ListItem\",\"position\":2,\"name\":\"Equipes\",\"item\":\"https:\/\/www.neuchatelhockeyclub.ch\/index.php\/equipes\/\"},{\"@type\":\"ListItem\",\"position\":3,\"name\":\"Ecole de hockey\"}]},{\"@type\":\"WebSite\",\"@id\":\"https:\/\/www.neuchatelhockeyclub.ch\/#website\",\"url\":\"https:\/\/www.neuchatelhockeyclub.ch\/\",\"name\":\"Neuch\u00e2tel Hockey Club\",\"description\":\"Hockey sur gazon\",\"potentialAction\":[{\"@type\":\"SearchAction\",\"target\":{\"@type\":\"EntryPoint\",\"urlTemplate\":\"https:\/\/www.neuchatelhockeyclub.ch\/?s={search_term_string}\"},\"query-input\":{\"@type\":\"PropertyValueSpecification\",\"valueRequired\":true,\"valueName\":\"search_term_string\"}}],\"inLanguage\":\"fr-FR\"}]}<\/script>\n<!-- \/ Yoast SEO plugin. -->","yoast_head_json":{"title":"Ecole de hockey - Neuch\u00e2tel Hockey Club","robots":{"index":"index","follow":"follow","max-snippet":"max-snippet:-1","max-image-preview":"max-image-preview:large","max-video-preview":"max-video-preview:-1"},"canonical":"https:\/\/www.neuchatelhockeyclub.ch\/index.php\/equipes\/ecole-de-hockey\/","og_locale":"fr_FR","og_type":"article","og_title":"Ecole de hockey - Neuch\u00e2tel Hockey Club","og_description":"Ecole de hockey Le Neuch\u00e2tel Hockey Club a pour ambition d&rsquo;ouvrir une \u00e9cole de hockey (salle &amp; gazon) \u00e0 destination des enfants de 4 \u00e0 9 ans. Si vous \u00eates int\u00e9ress\u00e9s par cette d\u00e9marche, n&rsquo;h\u00e9sitez pas \u00e0 prendre contact avec nous via le formulaire de contact. L&rsquo;objectif est d&rsquo;offrir la pratique du sport au travers [&hellip;]","og_url":"https:\/\/www.neuchatelhockeyclub.ch\/index.php\/equipes\/ecole-de-hockey\/","og_site_name":"Neuch\u00e2tel Hockey Club","article_modified_time":"2018-06-05T20:18:02+00:00","og_image":[{"url":"http:\/\/192.168.71.102:8008\/wp-content\/uploads\/2018\/06\/31727641_246545659224771_952088670637129728_o-1024x768.jpg","type":"","width":"","height":""}],"twitter_card":"summary_large_image","schema":{"@context":"https:\/\/schema.org","@graph":[{"@type":"WebPage","@id":"https:\/\/www.neuchatelhockeyclub.ch\/index.php\/equipes\/ecole-de-hockey\/","url":"https:\/\/www.neuchatelhockeyclub.ch\/index.php\/equipes\/ecole-de-hockey\/","name":"Ecole de hockey - Neuch\u00e2tel Hockey Club","isPartOf":{"@id":"https:\/\/www.neuchatelhockeyclub.ch\/#website"},"primaryImageOfPage":{"@id":"https:\/\/www.neuchatelhockeyclub.ch\/index.php\/equipes\/ecole-de-hockey\/#primaryimage"},"image":{"@id":"https:\/\/www.neuchatelhockeyclub.ch\/index.php\/equipes\/ecole-de-hockey\/#primaryimage"},"thumbnailUrl":"http:\/\/192.168.71.102:8008\/wp-content\/uploads\/2018\/06\/31727641_246545659224771_952088670637129728_o-1024x768.jpg","datePublished":"2017-11-20T21:58:24+00:00","dateModified":"2018-06-05T20:18:02+00:00","breadcrumb":{"@id":"https:\/\/www.neuchatelhockeyclub.ch\/index.php\/equipes\/ecole-de-hockey\/#breadcrumb"},"inLanguage":"fr-FR","potentialAction":[{"@type":"ReadAction","target":["https:\/\/www.neuchatelhockeyclub.ch\/index.php\/equipes\/ecole-de-hockey\/"]}]},{"@type":"ImageObject","inLanguage":"fr-FR","@id":"https:\/\/www.neuchatelhockeyclub.ch\/index.php\/equipes\/ecole-de-hockey\/#primaryimage","url":"http:\/\/192.168.71.102:8008\/wp-content\/uploads\/2018\/06\/31727641_246545659224771_952088670637129728_o-1024x768.jpg","contentUrl":"http:\/\/192.168.71.102:8008\/wp-content\/uploads\/2018\/06\/31727641_246545659224771_952088670637129728_o-1024x768.jpg"},{"@type":"BreadcrumbList","@id":"https:\/\/www.neuchatelhockeyclub.ch\/index.php\/equipes\/ecole-de-hockey\/#breadcrumb","itemListElement":[{"@type":"ListItem","position":1,"name":"Home","item":"https:\/\/www.neuchatelhockeyclub.ch\/"},{"@type":"ListItem","position":2,"name":"Equipes","item":"https:\/\/www.neuchatelhockeyclub.ch\/index.php\/equipes\/"},{"@type":"ListItem","position":3,"name":"Ecole de hockey"}]},{"@type":"WebSite","@id":"https:\/\/www.neuchatelhockeyclub.ch\/#website","url":"https:\/\/www.neuchatelhockeyclub.ch\/","name":"Neuch\u00e2tel Hockey Club","description":"Hockey sur gazon","potentialAction":[{"@type":"SearchAction","target":{"@type":"EntryPoint","urlTemplate":"https:\/\/www.neuchatelhockeyclub.ch\/?s={search_term_string}"},"query-input":{"@type":"PropertyValueSpecification","valueRequired":true,"valueName":"search_term_string"}}],"inLanguage":"fr-FR"}]}},"_links":{"self":[{"href":"https:\/\/www.neuchatelhockeyclub.ch\/index.php\/wp-json\/wp\/v2\/pages\/185","targetHints":{"allow":["GET"]}}],"collection":[{"href":"https:\/\/www.neuchatelhockeyclub.ch\/index.php\/wp-json\/wp\/v2\/pages"}],"about":[{"href":"https:\/\/www.neuchatelhockeyclub.ch\/index.php\/wp-json\/wp\/v2\/types\/page"}],"author":[{"embeddable":true,"href":"https:\/\/www.neuchatelhockeyclub.ch\/index.php\/wp-json\/wp\/v2\/users\/2"}],"replies":[{"embeddable":true,"href":"https:\/\/www.neuchatelhockeyclub.ch\/index.php\/wp-json\/wp\/v2\/comments?post=185"}],"version-history":[{"count":6,"href":"https:\/\/www.neuchatelhockeyclub.ch\/index.php\/wp-json\/wp\/v2\/pages\/185\/revisions"}],"predecessor-version":[{"id":706,"href":"https:\/\/www.neuchatelhockeyclub.ch\/index.php\/wp-json\/wp\/v2\/pages\/185\/revisions\/706"}],"up":[{"embeddable":true,"href":"https:\/\/www.neuchatelhockeyclub.ch\/index.php\/wp-json\/wp\/v2\/pages\/133"}],"wp:attachment":[{"href":"https:\/\/www.neuchatelhockeyclub.ch\/index.php\/wp-json\/wp\/v2\/media?parent=185"}],"curies":[{"name":"wp","href":"https:\/\/api.w.org\/{rel}","templated":true}]}}