{"id":164,"date":"2017-11-20T21:52:27","date_gmt":"2017-11-20T20:52:27","guid":{"rendered":"http:\/\/neuchatelhockeyclub.ch\/?page_id=164"},"modified":"2018-02-18T21:08:14","modified_gmt":"2018-02-18T20:08:14","slug":"images","status":"publish","type":"page","link":"https:\/\/www.neuchatelhockeyclub.ch\/index.php\/medias\/images\/","title":{"rendered":"Images"},"content":{"rendered":"<h1 style=\"text-align: center;\"><a href=\"https:\/\/stampsy.com\/user\/95000\/latest\/40044\">Tournoi Hockey en salle 27.01.2018<\/a><\/h1>\n<h1 style=\"text-align: center;\"><a href=\"http:\/\/192.168.71.102:8008\/index.php\/saison-2017-2018\/\">Saison 2017-2018<\/a><\/h1>\n<h1 style=\"text-align: center;\"><a href=\"http:\/\/192.168.71.102:8008\/index.php\/releve-2014-2015-2016\/\">La rel\u00e8ve 2014-2015-2016<\/a><\/h1>\n<h1 style=\"text-align: center;\"><a href=\"http:\/\/192.168.71.102:8008\/index.php\/debuts-mouvement-junior-2012-2013-2014\/\">Les d\u00e9buts du mouvement junior 2012-2013-2014<\/a><\/h1>\n","protected":false},"excerpt":{"rendered":"<p>Tournoi Hockey en salle 27.01.2018 Saison 2017-2018 La rel\u00e8ve 2014-2015-2016 Les d\u00e9buts du mouvement junior 2012-2013-2014<\/p>\n","protected":false},"author":2,"featured_media":0,"parent":135,"menu_order":0,"comment_status":"closed","ping_status":"closed","template":"page-templates\/full-width.php","meta":{"footnotes":""},"class_list":["post-164","page","type-page","status-publish","hentry"],"yoast_head":"<!-- This site is optimized with the Yoast SEO plugin v25.1 - https:\/\/yoast.com\/wordpress\/plugins\/seo\/ -->\n<title>Images - Neuch\u00e2tel Hockey Club<\/title>\n<meta name=\"robots\" content=\"index, follow, max-snippet:-1, max-image-preview:large, max-video-preview:-1\" \/>\n<link rel=\"canonical\" href=\"https:\/\/www.neuchatelhockeyclub.ch\/index.php\/medias\/images\/\" \/>\n<meta property=\"og:locale\" content=\"fr_FR\" \/>\n<meta property=\"og:type\" content=\"article\" \/>\n<meta property=\"og:title\" content=\"Images - Neuch\u00e2tel Hockey Club\" \/>\n<meta property=\"og:description\" content=\"Tournoi Hockey en salle 27.01.2018 Saison 2017-2018 La rel\u00e8ve 2014-2015-2016 Les d\u00e9buts du mouvement junior 2012-2013-2014\" \/>\n<meta property=\"og:url\" content=\"https:\/\/www.neuchatelhockeyclub.ch\/index.php\/medias\/images\/\" \/>\n<meta property=\"og:site_name\" content=\"Neuch\u00e2tel Hockey Club\" \/>\n<meta property=\"article:modified_time\" content=\"2018-02-18T20:08:14+00:00\" \/>\n<meta name=\"twitter:card\" content=\"summary_large_image\" \/>\n<script type=\"application\/ld+json\" class=\"yoast-schema-graph\">{\"@context\":\"https:\/\/schema.org\",\"@graph\":[{\"@type\":\"WebPage\",\"@id\":\"https:\/\/www.neuchatelhockeyclub.ch\/index.php\/medias\/images\/\",\"url\":\"https:\/\/www.neuchatelhockeyclub.ch\/index.php\/medias\/images\/\",\"name\":\"Images - Neuch\u00e2tel Hockey Club\",\"isPartOf\":{\"@id\":\"https:\/\/www.neuchatelhockeyclub.ch\/#website\"},\"datePublished\":\"2017-11-20T20:52:27+00:00\",\"dateModified\":\"2018-02-18T20:08:14+00:00\",\"breadcrumb\":{\"@id\":\"https:\/\/www.neuchatelhockeyclub.ch\/index.php\/medias\/images\/#breadcrumb\"},\"inLanguage\":\"fr-FR\",\"potentialAction\":[{\"@type\":\"ReadAction\",\"target\":[\"https:\/\/www.neuchatelhockeyclub.ch\/index.php\/medias\/images\/\"]}]},{\"@type\":\"BreadcrumbList\",\"@id\":\"https:\/\/www.neuchatelhockeyclub.ch\/index.php\/medias\/images\/#breadcrumb\",\"itemListElement\":[{\"@type\":\"ListItem\",\"position\":1,\"name\":\"Home\",\"item\":\"https:\/\/www.neuchatelhockeyclub.ch\/\"},{\"@type\":\"ListItem\",\"position\":2,\"name\":\"M\u00e9dias\",\"item\":\"https:\/\/www.neuchatelhockeyclub.ch\/index.php\/medias\/\"},{\"@type\":\"ListItem\",\"position\":3,\"name\":\"Images\"}]},{\"@type\":\"WebSite\",\"@id\":\"https:\/\/www.neuchatelhockeyclub.ch\/#website\",\"url\":\"https:\/\/www.neuchatelhockeyclub.ch\/\",\"name\":\"Neuch\u00e2tel Hockey Club\",\"description\":\"Hockey sur gazon\",\"potentialAction\":[{\"@type\":\"SearchAction\",\"target\":{\"@type\":\"EntryPoint\",\"urlTemplate\":\"https:\/\/www.neuchatelhockeyclub.ch\/?s={search_term_string}\"},\"query-input\":{\"@type\":\"PropertyValueSpecification\",\"valueRequired\":true,\"valueName\":\"search_term_string\"}}],\"inLanguage\":\"fr-FR\"}]}<\/script>\n<!-- \/ Yoast SEO plugin. -->","yoast_head_json":{"title":"Images - Neuch\u00e2tel Hockey Club","robots":{"index":"index","follow":"follow","max-snippet":"max-snippet:-1","max-image-preview":"max-image-preview:large","max-video-preview":"max-video-preview:-1"},"canonical":"https:\/\/www.neuchatelhockeyclub.ch\/index.php\/medias\/images\/","og_locale":"fr_FR","og_type":"article","og_title":"Images - Neuch\u00e2tel Hockey Club","og_description":"Tournoi Hockey en salle 27.01.2018 Saison 2017-2018 La rel\u00e8ve 2014-2015-2016 Les d\u00e9buts du mouvement junior 2012-2013-2014","og_url":"https:\/\/www.neuchatelhockeyclub.ch\/index.php\/medias\/images\/","og_site_name":"Neuch\u00e2tel Hockey Club","article_modified_time":"2018-02-18T20:08:14+00:00","twitter_card":"summary_large_image","schema":{"@context":"https:\/\/schema.org","@graph":[{"@type":"WebPage","@id":"https:\/\/www.neuchatelhockeyclub.ch\/index.php\/medias\/images\/","url":"https:\/\/www.neuchatelhockeyclub.ch\/index.php\/medias\/images\/","name":"Images - Neuch\u00e2tel Hockey Club","isPartOf":{"@id":"https:\/\/www.neuchatelhockeyclub.ch\/#website"},"datePublished":"2017-11-20T20:52:27+00:00","dateModified":"2018-02-18T20:08:14+00:00","breadcrumb":{"@id":"https:\/\/www.neuchatelhockeyclub.ch\/index.php\/medias\/images\/#breadcrumb"},"inLanguage":"fr-FR","potentialAction":[{"@type":"ReadAction","target":["https:\/\/www.neuchatelhockeyclub.ch\/index.php\/medias\/images\/"]}]},{"@type":"BreadcrumbList","@id":"https:\/\/www.neuchatelhockeyclub.ch\/index.php\/medias\/images\/#breadcrumb","itemListElement":[{"@type":"ListItem","position":1,"name":"Home","item":"https:\/\/www.neuchatelhockeyclub.ch\/"},{"@type":"ListItem","position":2,"name":"M\u00e9dias","item":"https:\/\/www.neuchatelhockeyclub.ch\/index.php\/medias\/"},{"@type":"ListItem","position":3,"name":"Images"}]},{"@type":"WebSite","@id":"https:\/\/www.neuchatelhockeyclub.ch\/#website","url":"https:\/\/www.neuchatelhockeyclub.ch\/","name":"Neuch\u00e2tel Hockey Club","description":"Hockey sur gazon","potentialAction":[{"@type":"SearchAction","target":{"@type":"EntryPoint","urlTemplate":"https:\/\/www.neuchatelhockeyclub.ch\/?s={search_term_string}"},"query-input":{"@type":"PropertyValueSpecification","valueRequired":true,"valueName":"search_term_string"}}],"inLanguage":"fr-FR"}]}},"_links":{"self":[{"href":"https:\/\/www.neuchatelhockeyclub.ch\/index.php\/wp-json\/wp\/v2\/pages\/164","targetHints":{"allow":["GET"]}}],"collection":[{"href":"https:\/\/www.neuchatelhockeyclub.ch\/index.php\/wp-json\/wp\/v2\/pages"}],"about":[{"href":"https:\/\/www.neuchatelhockeyclub.ch\/index.php\/wp-json\/wp\/v2\/types\/page"}],"author":[{"embeddable":true,"href":"https:\/\/www.neuchatelhockeyclub.ch\/index.php\/wp-json\/wp\/v2\/users\/2"}],"replies":[{"embeddable":true,"href":"https:\/\/www.neuchatelhockeyclub.ch\/index.php\/wp-json\/wp\/v2\/comments?post=164"}],"version-history":[{"count":9,"href":"https:\/\/www.neuchatelhockeyclub.ch\/index.php\/wp-json\/wp\/v2\/pages\/164\/revisions"}],"predecessor-version":[{"id":666,"href":"https:\/\/www.neuchatelhockeyclub.ch\/index.php\/wp-json\/wp\/v2\/pages\/164\/revisions\/666"}],"up":[{"embeddable":true,"href":"https:\/\/www.neuchatelhockeyclub.ch\/index.php\/wp-json\/wp\/v2\/pages\/135"}],"wp:attachment":[{"href":"https:\/\/www.neuchatelhockeyclub.ch\/index.php\/wp-json\/wp\/v2\/media?parent=164"}],"curies":[{"name":"wp","href":"https:\/\/api.w.org\/{rel}","templated":true}]}}