{"id":143,"date":"2017-11-20T20:59:29","date_gmt":"2017-11-20T19:59:29","guid":{"rendered":"http:\/\/neuchatelhockeyclub.ch\/?page_id=143"},"modified":"2017-11-20T21:54:18","modified_gmt":"2017-11-20T20:54:18","slug":"historique-du-hockey","status":"publish","type":"page","link":"https:\/\/www.neuchatelhockeyclub.ch\/index.php\/le-club\/historique-du-hockey\/","title":{"rendered":"Historique du hockey"},"content":{"rendered":"<h1 style=\"font-family: 'Open Sans', sans-serif; font-style: normal;\">Historique du hockey<\/h1>\n<p>L\u2019historique du hockey constitue un sujet qui a d\u00e9j\u00e0 donn\u00e9 lieu \u00e0 une litt\u00e9rature abondante. Des documents irr\u00e9futables attestent que ce sport ou plut\u00f4t cet exercice \u00e9tait connu d\u00e8s la Haute-Antiquit\u00e9, sous un aspect ressemblant \u00e9trangement \u00e0 celui qu\u2019il offre actuellement. C\u2019est ainsi que dans la Vall\u00e9e du Nil, \u00e0 Beni Hassan sur une s\u00e9pulture, \u00e0 Ath\u00e8nes sur les murs de l\u2019enceinte de Th\u00e9mistocle, on a d\u00e9couvert des fresques repr\u00e9sentant des sc\u00e8nes de ce jeu o\u00f9 la balle est mise en mouvement \u00e0 l\u2019aide du \u00ab\u00a0bully\u00a0\u00bb ou engagement, tel qu\u2019on le fait actuellement. La seule diff\u00e9rence notable est dans la tenue des crosses qui \u00e9taient plut\u00f4t des batons dont la courbure est dirig\u00e9e vers le sol, comme actuellement pour l\u2019ex\u00e9cution d\u2019un revers.<\/p>\n<p><img fetchpriority=\"high\" decoding=\"async\" class=\"wp-image-157 size-full aligncenter\" src=\"http:\/\/192.168.71.102:8008\/wp-content\/uploads\/2017\/11\/histoire_hockey_1.png\" alt=\"\" width=\"680\" height=\"440\" srcset=\"https:\/\/www.neuchatelhockeyclub.ch\/wp-content\/uploads\/2017\/11\/histoire_hockey_1.png 680w, https:\/\/www.neuchatelhockeyclub.ch\/wp-content\/uploads\/2017\/11\/histoire_hockey_1-300x194.png 300w, https:\/\/www.neuchatelhockeyclub.ch\/wp-content\/uploads\/2017\/11\/histoire_hockey_1-128x83.png 128w, https:\/\/www.neuchatelhockeyclub.ch\/wp-content\/uploads\/2017\/11\/histoire_hockey_1-32x21.png 32w, https:\/\/www.neuchatelhockeyclub.ch\/wp-content\/uploads\/2017\/11\/histoire_hockey_1-2x1.png 2w\" sizes=\"(max-width: 680px) 100vw, 680px\" \/><\/p>\n<p>On pr\u00e9sume fortement que le hockey figurait au programme des Jeux pythiques et qu\u2019il aurait eu ensuite la faveur des Romains, concurremment \u00e0 la perse, berceau du polo. Le polo, de \u00ab\u00a0pulu-ball\u00a0\u00bb en tib\u00e9tain est nettement d\u2019origine asiatique et le hockey en serait issu, car le polo se pratiquait \u00e0 cheval ou \u00e0 pied. C\u2019\u00e9tait le Tchougan ou chicane, la chicane ayant d\u00e9sign\u00e9 par la suite l\u2019arceau en fer, o\u00f9, dans le Mail, on devait faire passer la balle. L\u2019instrument \u00e9tait un maillet. Le Tchougan dont a parl\u00e9 Chardin dans son \u00ab\u00a0voyage en Perse\u00a0\u00bb fait l\u2019objet d\u2019un conte des \u00ab\u00a0Mille et une Nuits\u00a0\u00bb. Les Ph\u00e9niciens, les Crois\u00e9s ensuite, lorsqu\u2019ils le d\u00e9couvrirent dans l\u2019Empire byzantin, en auraient \u00e9t\u00e9 les exportateurs. L\u2019Europe nordique a sans doute pris d\u2019abord le relais de cette lanc\u00e9e antique. Le Hurley en Irlande \u00e9tait connu des premiers Celtes, puis apparurent le Shinty en Ecosse, le Bandy en Angleterre, le Kolven en Hollande. Shakespeare \u00e9voque le bandy dans \u00ab\u00a0Rom\u00e9o et Juliette\u00a0\u00bb. Certains de ces jeux de crosse furent aussi pratiqu\u00e9s sur la glace.<\/p>\n<p><img decoding=\"async\" class=\"wp-image-159 size-full aligncenter\" src=\"http:\/\/192.168.71.102:8008\/wp-content\/uploads\/2017\/11\/histoire_hockey_2.png\" alt=\"\" width=\"680\" height=\"479\" srcset=\"https:\/\/www.neuchatelhockeyclub.ch\/wp-content\/uploads\/2017\/11\/histoire_hockey_2.png 680w, https:\/\/www.neuchatelhockeyclub.ch\/wp-content\/uploads\/2017\/11\/histoire_hockey_2-300x211.png 300w, https:\/\/www.neuchatelhockeyclub.ch\/wp-content\/uploads\/2017\/11\/histoire_hockey_2-128x90.png 128w, https:\/\/www.neuchatelhockeyclub.ch\/wp-content\/uploads\/2017\/11\/histoire_hockey_2-32x23.png 32w, https:\/\/www.neuchatelhockeyclub.ch\/wp-content\/uploads\/2017\/11\/histoire_hockey_2-1x1.png 1w\" sizes=\"(max-width: 680px) 100vw, 680px\" \/><\/p>\n<p>Au 12\u00e8me si\u00e8cle, en Angleterre, on trouve trace du caman, nom ga\u00e9lique signifiant b\u00e2ton, puis du commock et enfin du hocky dont des sc\u00e8nes sont reproduites sur des vitraux aux cath\u00e9drales de Canterbury et Gloucester. Un \u00e9dit d\u2019Edouard III en 1349 stipule l\u2019interdiction d\u2019y jouer dans les rues.<\/p>\n<p><img decoding=\"async\" class=\"aligncenter wp-image-160 size-full\" src=\"http:\/\/192.168.71.102:8008\/wp-content\/uploads\/2017\/11\/histoire_hockey_3.png\" alt=\"\" width=\"517\" height=\"814\" srcset=\"https:\/\/www.neuchatelhockeyclub.ch\/wp-content\/uploads\/2017\/11\/histoire_hockey_3.png 517w, https:\/\/www.neuchatelhockeyclub.ch\/wp-content\/uploads\/2017\/11\/histoire_hockey_3-191x300.png 191w, https:\/\/www.neuchatelhockeyclub.ch\/wp-content\/uploads\/2017\/11\/histoire_hockey_3-81x128.png 81w, https:\/\/www.neuchatelhockeyclub.ch\/wp-content\/uploads\/2017\/11\/histoire_hockey_3-20x32.png 20w, https:\/\/www.neuchatelhockeyclub.ch\/wp-content\/uploads\/2017\/11\/histoire_hockey_3-1x1.png 1w\" sizes=\"(max-width: 517px) 100vw, 517px\" \/><\/p>\n<p>Le mot hockey pourrait \u00eatre une contraction de commoke, mais on pense aussi qu\u2019il est tir\u00e9 de \u00ab\u00a0hook\u00a0\u00bb, crochet en anglais, ou m\u00eame de \u00ab\u00a0hocket\u00a0\u00bb, houlette de berger, en vieux fran\u00e7ais. Qu\u2019il y eut influence anglaise ou non, il est un fait qu\u2019un engouement tr\u00e8s vif se manifesta en France au Moyen-Age pour la crosse, ainsi que s\u2019appelait le jeu. Comme on le lit dans un ouvrage de Jusserand (1901), la crosse \u00e9tait tr\u00e8s populaire dans les villages et parmi le clerg\u00e9.<\/p>\n<p>Dans ce jeu, on chassait une balle ordinairement en bois vers un trou ou un but constitu\u00e9 par des piquets. Le jeu \u00e9tait excessivement brutal et m\u00eame sanglant, \u00e0 tel point que l\u2019expression \u00ab\u00a0se crosser\u00a0\u00bb signifiait se quereller. Les responsables de blessures b\u00e9n\u00e9ficiaient en g\u00e9n\u00e9ral de la plus grande indulgence. Il existait une corporation de fabricants de crosses, ce qui s\u2019est exprim\u00e9 par des enluminures, estampes, tapisseries, oeuvres d\u2019art. Une burette, d\u2019origine fran\u00e7aise assure-t-on, sur laquelle est grav\u00e9e une sc\u00e8ne de crosse, figure au mus\u00e9e de Copenhague.<\/p>\n<p>La crosse donne naissance au criquet dont s\u2019inspir\u00e8rent, para\u00eet-il, les Anglais ; au mail, devenu le croquet.<\/p>\n<p>En France, la crosse s\u2019appela ensuite le gouret. On y jouait beaucoup en Bretagne.<\/p>\n<p>On pratique encore, dans la r\u00e9gion de Maubeuge, la choulette ou soulette (mots d\u00e9riv\u00e9s de la soule, anc\u00eatre du football). Il s\u2019agit l\u00e0 d\u2019une ancienne forme du golf. Ce jeu se d\u00e9roule dans les p\u00e2tures o\u00f9 sont install\u00e9s des piquets repr\u00e9sentant les buts. On joue toujours dans dans le Sud alg\u00e9rien \u00e0 la Koura, ainsi que l\u2019a rapport\u00e9 la romanci\u00e8re Myriam Harry. On chasse une balle avec des branches d\u2019arbustes taill\u00e9es grossi\u00e8rement. Enfin on a d\u00e9couvert le holani en Anatolie, jou\u00e9 \u00e0 l\u2019aide d\u2019une longue canne munie d\u2019une spatule. Le sport am\u00e9ricain actuel appel\u00e9 \u00ab\u00a0Lacrosse\u00a0\u00bb ne ressemble en rien au hockey. Il se joue en l\u2019air avec de grandes raquettes triangulaires.<\/p>\n<p><img loading=\"lazy\" decoding=\"async\" class=\"wp-image-161 size-full aligncenter\" src=\"http:\/\/192.168.71.102:8008\/wp-content\/uploads\/2017\/11\/histoire_hockey_4.png\" alt=\"\" width=\"400\" height=\"277\" srcset=\"https:\/\/www.neuchatelhockeyclub.ch\/wp-content\/uploads\/2017\/11\/histoire_hockey_4.png 400w, https:\/\/www.neuchatelhockeyclub.ch\/wp-content\/uploads\/2017\/11\/histoire_hockey_4-300x208.png 300w, https:\/\/www.neuchatelhockeyclub.ch\/wp-content\/uploads\/2017\/11\/histoire_hockey_4-128x89.png 128w, https:\/\/www.neuchatelhockeyclub.ch\/wp-content\/uploads\/2017\/11\/histoire_hockey_4-32x22.png 32w, https:\/\/www.neuchatelhockeyclub.ch\/wp-content\/uploads\/2017\/11\/histoire_hockey_4-1x1.png 1w\" sizes=\"(max-width: 400px) 100vw, 400px\" \/><\/p>\n<p>Les Anglais codifi\u00e8rent le hockey en 1875. Le premier club form\u00e9 fut Blackheath de Londres en 1861. En 1890 eut lieu le premier Oxford-Cambridge. En Allemagne, on pratiqua d\u2019abord \u00e0 Hambourg en 1898 sur l\u2019initiative d\u2019\u00e9tudiants anglais.<\/p>\n<p>En France, le hockey fut lanc\u00e9 en 1897 par E.P. Denny, directeur de l\u2019Anglo-Saxon School de Paris. Peu apr\u00e8s des \u00e9quipes \u00e9taient form\u00e9es au Racing Club de France, au Stande Fran\u00e7ais, au S.C.U.F., au C.A.I. Des institutions scolaires aid\u00e8rent aussi au d\u00e9veloppement du hockey en France : Ecole Alsacienne, Louis le Grand, Ecole de l\u2019Ile de France. On jouait beaucoup au \u00ab\u00a0carr\u00e9\u00a0\u00bb du Luxembourg. Il y eut d\u2019ailleurs un club Paris-Luxembourg. Puis vinrent les clubs lyonnais et lillois, et le Brittany Hockey Club, form\u00e9 par des Anglais \u00e0 Dinard. Le premier championnat de France eut lieu en 1899, le premier match international en 1906 contre l\u2019 Angleterre.<\/p>\n<p>La F\u00e9d\u00e9ration fran\u00e7aise fut fond\u00e9e en 1920, la F\u00e9d\u00e9ration internationale en 1924 sur l\u2019 initiative de la France. Elle regroupe maintenant 57 pays membres appartenant aux cinq parties du monde.<\/p>\n<p><img loading=\"lazy\" decoding=\"async\" class=\"wp-image-162 size-full aligncenter\" src=\"http:\/\/192.168.71.102:8008\/wp-content\/uploads\/2017\/11\/histoire_hockey_5.png\" alt=\"\" width=\"555\" height=\"802\" srcset=\"https:\/\/www.neuchatelhockeyclub.ch\/wp-content\/uploads\/2017\/11\/histoire_hockey_5.png 555w, https:\/\/www.neuchatelhockeyclub.ch\/wp-content\/uploads\/2017\/11\/histoire_hockey_5-208x300.png 208w, https:\/\/www.neuchatelhockeyclub.ch\/wp-content\/uploads\/2017\/11\/histoire_hockey_5-89x128.png 89w, https:\/\/www.neuchatelhockeyclub.ch\/wp-content\/uploads\/2017\/11\/histoire_hockey_5-22x32.png 22w, https:\/\/www.neuchatelhockeyclub.ch\/wp-content\/uploads\/2017\/11\/histoire_hockey_5-1x1.png 1w\" sizes=\"(max-width: 555px) 100vw, 555px\" \/><\/p>\n","protected":false},"excerpt":{"rendered":"<p>Historique du hockey L\u2019historique du hockey constitue un sujet qui a d\u00e9j\u00e0 donn\u00e9 lieu \u00e0 une litt\u00e9rature abondante. Des documents irr\u00e9futables attestent que ce sport ou plut\u00f4t cet exercice \u00e9tait connu d\u00e8s la Haute-Antiquit\u00e9, sous un aspect ressemblant \u00e9trangement \u00e0 celui qu\u2019il offre actuellement. C\u2019est ainsi que dans la Vall\u00e9e du Nil, \u00e0 Beni Hassan [&hellip;]<\/p>\n","protected":false},"author":2,"featured_media":0,"parent":123,"menu_order":0,"comment_status":"closed","ping_status":"closed","template":"page-templates\/full-width.php","meta":{"footnotes":""},"class_list":["post-143","page","type-page","status-publish","hentry"],"yoast_head":"<!-- This site is optimized with the Yoast SEO plugin v25.1 - https:\/\/yoast.com\/wordpress\/plugins\/seo\/ -->\n<title>Historique du hockey - Neuch\u00e2tel Hockey Club<\/title>\n<meta name=\"robots\" content=\"index, follow, max-snippet:-1, max-image-preview:large, max-video-preview:-1\" \/>\n<link rel=\"canonical\" href=\"https:\/\/www.neuchatelhockeyclub.ch\/index.php\/le-club\/historique-du-hockey\/\" \/>\n<meta property=\"og:locale\" content=\"fr_FR\" \/>\n<meta property=\"og:type\" content=\"article\" \/>\n<meta property=\"og:title\" content=\"Historique du hockey - Neuch\u00e2tel Hockey Club\" \/>\n<meta property=\"og:description\" content=\"Historique du hockey L\u2019historique du hockey constitue un sujet qui a d\u00e9j\u00e0 donn\u00e9 lieu \u00e0 une litt\u00e9rature abondante. Des documents irr\u00e9futables attestent que ce sport ou plut\u00f4t cet exercice \u00e9tait connu d\u00e8s la Haute-Antiquit\u00e9, sous un aspect ressemblant \u00e9trangement \u00e0 celui qu\u2019il offre actuellement. C\u2019est ainsi que dans la Vall\u00e9e du Nil, \u00e0 Beni Hassan [&hellip;]\" \/>\n<meta property=\"og:url\" content=\"https:\/\/www.neuchatelhockeyclub.ch\/index.php\/le-club\/historique-du-hockey\/\" \/>\n<meta property=\"og:site_name\" content=\"Neuch\u00e2tel Hockey Club\" \/>\n<meta property=\"article:modified_time\" content=\"2017-11-20T20:54:18+00:00\" \/>\n<meta property=\"og:image\" content=\"http:\/\/192.168.71.102:8008\/wp-content\/uploads\/2017\/11\/histoire_hockey_1.png\" \/>\n<meta name=\"twitter:card\" content=\"summary_large_image\" \/>\n<meta name=\"twitter:label1\" content=\"Dur\u00e9e de lecture estim\u00e9e\" \/>\n\t<meta name=\"twitter:data1\" content=\"5 minutes\" \/>\n<script type=\"application\/ld+json\" class=\"yoast-schema-graph\">{\"@context\":\"https:\/\/schema.org\",\"@graph\":[{\"@type\":\"WebPage\",\"@id\":\"https:\/\/www.neuchatelhockeyclub.ch\/index.php\/le-club\/historique-du-hockey\/\",\"url\":\"https:\/\/www.neuchatelhockeyclub.ch\/index.php\/le-club\/historique-du-hockey\/\",\"name\":\"Historique du hockey - Neuch\u00e2tel Hockey Club\",\"isPartOf\":{\"@id\":\"https:\/\/www.neuchatelhockeyclub.ch\/#website\"},\"primaryImageOfPage\":{\"@id\":\"https:\/\/www.neuchatelhockeyclub.ch\/index.php\/le-club\/historique-du-hockey\/#primaryimage\"},\"image\":{\"@id\":\"https:\/\/www.neuchatelhockeyclub.ch\/index.php\/le-club\/historique-du-hockey\/#primaryimage\"},\"thumbnailUrl\":\"http:\/\/192.168.71.102:8008\/wp-content\/uploads\/2017\/11\/histoire_hockey_1.png\",\"datePublished\":\"2017-11-20T19:59:29+00:00\",\"dateModified\":\"2017-11-20T20:54:18+00:00\",\"breadcrumb\":{\"@id\":\"https:\/\/www.neuchatelhockeyclub.ch\/index.php\/le-club\/historique-du-hockey\/#breadcrumb\"},\"inLanguage\":\"fr-FR\",\"potentialAction\":[{\"@type\":\"ReadAction\",\"target\":[\"https:\/\/www.neuchatelhockeyclub.ch\/index.php\/le-club\/historique-du-hockey\/\"]}]},{\"@type\":\"ImageObject\",\"inLanguage\":\"fr-FR\",\"@id\":\"https:\/\/www.neuchatelhockeyclub.ch\/index.php\/le-club\/historique-du-hockey\/#primaryimage\",\"url\":\"http:\/\/192.168.71.102:8008\/wp-content\/uploads\/2017\/11\/histoire_hockey_1.png\",\"contentUrl\":\"http:\/\/192.168.71.102:8008\/wp-content\/uploads\/2017\/11\/histoire_hockey_1.png\"},{\"@type\":\"BreadcrumbList\",\"@id\":\"https:\/\/www.neuchatelhockeyclub.ch\/index.php\/le-club\/historique-du-hockey\/#breadcrumb\",\"itemListElement\":[{\"@type\":\"ListItem\",\"position\":1,\"name\":\"Home\",\"item\":\"https:\/\/www.neuchatelhockeyclub.ch\/\"},{\"@type\":\"ListItem\",\"position\":2,\"name\":\"Le Club\",\"item\":\"https:\/\/www.neuchatelhockeyclub.ch\/index.php\/le-club\/\"},{\"@type\":\"ListItem\",\"position\":3,\"name\":\"Historique du hockey\"}]},{\"@type\":\"WebSite\",\"@id\":\"https:\/\/www.neuchatelhockeyclub.ch\/#website\",\"url\":\"https:\/\/www.neuchatelhockeyclub.ch\/\",\"name\":\"Neuch\u00e2tel Hockey Club\",\"description\":\"Hockey sur gazon\",\"potentialAction\":[{\"@type\":\"SearchAction\",\"target\":{\"@type\":\"EntryPoint\",\"urlTemplate\":\"https:\/\/www.neuchatelhockeyclub.ch\/?s={search_term_string}\"},\"query-input\":{\"@type\":\"PropertyValueSpecification\",\"valueRequired\":true,\"valueName\":\"search_term_string\"}}],\"inLanguage\":\"fr-FR\"}]}<\/script>\n<!-- \/ Yoast SEO plugin. -->","yoast_head_json":{"title":"Historique du hockey - Neuch\u00e2tel Hockey Club","robots":{"index":"index","follow":"follow","max-snippet":"max-snippet:-1","max-image-preview":"max-image-preview:large","max-video-preview":"max-video-preview:-1"},"canonical":"https:\/\/www.neuchatelhockeyclub.ch\/index.php\/le-club\/historique-du-hockey\/","og_locale":"fr_FR","og_type":"article","og_title":"Historique du hockey - Neuch\u00e2tel Hockey Club","og_description":"Historique du hockey L\u2019historique du hockey constitue un sujet qui a d\u00e9j\u00e0 donn\u00e9 lieu \u00e0 une litt\u00e9rature abondante. Des documents irr\u00e9futables attestent que ce sport ou plut\u00f4t cet exercice \u00e9tait connu d\u00e8s la Haute-Antiquit\u00e9, sous un aspect ressemblant \u00e9trangement \u00e0 celui qu\u2019il offre actuellement. C\u2019est ainsi que dans la Vall\u00e9e du Nil, \u00e0 Beni Hassan [&hellip;]","og_url":"https:\/\/www.neuchatelhockeyclub.ch\/index.php\/le-club\/historique-du-hockey\/","og_site_name":"Neuch\u00e2tel Hockey Club","article_modified_time":"2017-11-20T20:54:18+00:00","og_image":[{"url":"http:\/\/192.168.71.102:8008\/wp-content\/uploads\/2017\/11\/histoire_hockey_1.png","type":"","width":"","height":""}],"twitter_card":"summary_large_image","twitter_misc":{"Dur\u00e9e de lecture estim\u00e9e":"5 minutes"},"schema":{"@context":"https:\/\/schema.org","@graph":[{"@type":"WebPage","@id":"https:\/\/www.neuchatelhockeyclub.ch\/index.php\/le-club\/historique-du-hockey\/","url":"https:\/\/www.neuchatelhockeyclub.ch\/index.php\/le-club\/historique-du-hockey\/","name":"Historique du hockey - Neuch\u00e2tel Hockey Club","isPartOf":{"@id":"https:\/\/www.neuchatelhockeyclub.ch\/#website"},"primaryImageOfPage":{"@id":"https:\/\/www.neuchatelhockeyclub.ch\/index.php\/le-club\/historique-du-hockey\/#primaryimage"},"image":{"@id":"https:\/\/www.neuchatelhockeyclub.ch\/index.php\/le-club\/historique-du-hockey\/#primaryimage"},"thumbnailUrl":"http:\/\/192.168.71.102:8008\/wp-content\/uploads\/2017\/11\/histoire_hockey_1.png","datePublished":"2017-11-20T19:59:29+00:00","dateModified":"2017-11-20T20:54:18+00:00","breadcrumb":{"@id":"https:\/\/www.neuchatelhockeyclub.ch\/index.php\/le-club\/historique-du-hockey\/#breadcrumb"},"inLanguage":"fr-FR","potentialAction":[{"@type":"ReadAction","target":["https:\/\/www.neuchatelhockeyclub.ch\/index.php\/le-club\/historique-du-hockey\/"]}]},{"@type":"ImageObject","inLanguage":"fr-FR","@id":"https:\/\/www.neuchatelhockeyclub.ch\/index.php\/le-club\/historique-du-hockey\/#primaryimage","url":"http:\/\/192.168.71.102:8008\/wp-content\/uploads\/2017\/11\/histoire_hockey_1.png","contentUrl":"http:\/\/192.168.71.102:8008\/wp-content\/uploads\/2017\/11\/histoire_hockey_1.png"},{"@type":"BreadcrumbList","@id":"https:\/\/www.neuchatelhockeyclub.ch\/index.php\/le-club\/historique-du-hockey\/#breadcrumb","itemListElement":[{"@type":"ListItem","position":1,"name":"Home","item":"https:\/\/www.neuchatelhockeyclub.ch\/"},{"@type":"ListItem","position":2,"name":"Le Club","item":"https:\/\/www.neuchatelhockeyclub.ch\/index.php\/le-club\/"},{"@type":"ListItem","position":3,"name":"Historique du hockey"}]},{"@type":"WebSite","@id":"https:\/\/www.neuchatelhockeyclub.ch\/#website","url":"https:\/\/www.neuchatelhockeyclub.ch\/","name":"Neuch\u00e2tel Hockey Club","description":"Hockey sur gazon","potentialAction":[{"@type":"SearchAction","target":{"@type":"EntryPoint","urlTemplate":"https:\/\/www.neuchatelhockeyclub.ch\/?s={search_term_string}"},"query-input":{"@type":"PropertyValueSpecification","valueRequired":true,"valueName":"search_term_string"}}],"inLanguage":"fr-FR"}]}},"_links":{"self":[{"href":"https:\/\/www.neuchatelhockeyclub.ch\/index.php\/wp-json\/wp\/v2\/pages\/143","targetHints":{"allow":["GET"]}}],"collection":[{"href":"https:\/\/www.neuchatelhockeyclub.ch\/index.php\/wp-json\/wp\/v2\/pages"}],"about":[{"href":"https:\/\/www.neuchatelhockeyclub.ch\/index.php\/wp-json\/wp\/v2\/types\/page"}],"author":[{"embeddable":true,"href":"https:\/\/www.neuchatelhockeyclub.ch\/index.php\/wp-json\/wp\/v2\/users\/2"}],"replies":[{"embeddable":true,"href":"https:\/\/www.neuchatelhockeyclub.ch\/index.php\/wp-json\/wp\/v2\/comments?post=143"}],"version-history":[{"count":3,"href":"https:\/\/www.neuchatelhockeyclub.ch\/index.php\/wp-json\/wp\/v2\/pages\/143\/revisions"}],"predecessor-version":[{"id":163,"href":"https:\/\/www.neuchatelhockeyclub.ch\/index.php\/wp-json\/wp\/v2\/pages\/143\/revisions\/163"}],"up":[{"embeddable":true,"href":"https:\/\/www.neuchatelhockeyclub.ch\/index.php\/wp-json\/wp\/v2\/pages\/123"}],"wp:attachment":[{"href":"https:\/\/www.neuchatelhockeyclub.ch\/index.php\/wp-json\/wp\/v2\/media?parent=143"}],"curies":[{"name":"wp","href":"https:\/\/api.w.org\/{rel}","templated":true}]}}