{"id":104,"date":"2017-11-20T18:08:40","date_gmt":"2017-11-20T17:08:40","guid":{"rendered":"http:\/\/neuchatelhockeyclub.ch\/?page_id=104"},"modified":"2018-06-05T20:39:25","modified_gmt":"2018-06-05T19:39:25","slug":"comite","status":"publish","type":"page","link":"https:\/\/www.neuchatelhockeyclub.ch\/index.php\/le-club\/comite\/","title":{"rendered":"Comit\u00e9"},"content":{"rendered":"\t\t<div data-elementor-type=\"wp-post\" data-elementor-id=\"104\" class=\"elementor elementor-104 elementor-bc-flex-widget\">\n\t\t\t\t\t\t<section class=\"elementor-section elementor-top-section elementor-element elementor-element-66c5b227 elementor-section-boxed elementor-section-height-default elementor-section-height-default\" data-id=\"66c5b227\" data-element_type=\"section\">\n\t\t\t\t\t\t<div class=\"elementor-container elementor-column-gap-default\">\n\t\t\t\t\t<div class=\"elementor-column elementor-col-100 elementor-top-column elementor-element elementor-element-12659942\" data-id=\"12659942\" data-element_type=\"column\">\n\t\t\t<div class=\"elementor-widget-wrap elementor-element-populated\">\n\t\t\t\t\t\t<div class=\"elementor-element elementor-element-f8693aa elementor-widget elementor-widget-image\" data-id=\"f8693aa\" data-element_type=\"widget\" data-widget_type=\"image.default\">\n\t\t\t\t<div class=\"elementor-widget-container\">\n\t\t\t\t\t\t\t\t\t\t\t\t<figure class=\"wp-caption\">\n\t\t\t\t\t\t\t\t\t\t\t<a href=\"http:\/\/192.168.71.102:8008\/wp-content\/uploads\/2018\/06\/ComiteNHC2018.png\" data-elementor-open-lightbox=\"yes\" data-elementor-lightbox-title=\"ComiteNHC2018\" data-e-action-hash=\"#elementor-action%3Aaction%3Dlightbox%26settings%3DeyJpZCI6NjkxLCJ1cmwiOiJodHRwczpcL1wvd3d3Lm5ldWNoYXRlbGhvY2tleWNsdWIuY2hcL3dwLWNvbnRlbnRcL3VwbG9hZHNcLzIwMThcLzA2XC9Db21pdGVOSEMyMDE4LnBuZyJ9\">\n\t\t\t\t\t\t\t<img fetchpriority=\"high\" decoding=\"async\" width=\"654\" height=\"221\" src=\"https:\/\/www.neuchatelhockeyclub.ch\/wp-content\/uploads\/2018\/06\/ComiteNHC2018-1024x346.png\" class=\"attachment-large size-large wp-image-691\" alt=\"\" srcset=\"https:\/\/www.neuchatelhockeyclub.ch\/wp-content\/uploads\/2018\/06\/ComiteNHC2018-1024x346.png 1024w, https:\/\/www.neuchatelhockeyclub.ch\/wp-content\/uploads\/2018\/06\/ComiteNHC2018-300x101.png 300w, https:\/\/www.neuchatelhockeyclub.ch\/wp-content\/uploads\/2018\/06\/ComiteNHC2018-768x260.png 768w, https:\/\/www.neuchatelhockeyclub.ch\/wp-content\/uploads\/2018\/06\/ComiteNHC2018-3x1.png 3w\" sizes=\"(max-width: 654px) 100vw, 654px\" \/>\t\t\t\t\t\t\t\t<\/a>\n\t\t\t\t\t\t\t\t\t\t\t<figcaption class=\"widget-image-caption wp-caption-text\">Comit\u00e9 NHC 2018\/2019<\/figcaption>\n\t\t\t\t\t\t\t\t\t\t<\/figure>\n\t\t\t\t\t\t\t\t\t<\/div>\n\t\t\t\t<\/div>\n\t\t\t\t\t<\/div>\n\t\t<\/div>\n\t\t\t\t\t<\/div>\n\t\t<\/section>\n\t\t\t\t<\/div>\n\t\t","protected":false},"excerpt":{"rendered":"<p>Comit\u00e9 NHC 2018\/2019<\/p>\n","protected":false},"author":2,"featured_media":0,"parent":123,"menu_order":0,"comment_status":"closed","ping_status":"closed","template":"page-templates\/full-width.php","meta":{"footnotes":""},"class_list":["post-104","page","type-page","status-publish","hentry"],"yoast_head":"<!-- This site is optimized with the Yoast SEO plugin v25.1 - https:\/\/yoast.com\/wordpress\/plugins\/seo\/ -->\n<title>Comit\u00e9 - Neuch\u00e2tel Hockey Club<\/title>\n<meta name=\"robots\" content=\"index, follow, max-snippet:-1, max-image-preview:large, max-video-preview:-1\" \/>\n<link rel=\"canonical\" href=\"https:\/\/www.neuchatelhockeyclub.ch\/index.php\/le-club\/comite\/\" \/>\n<meta property=\"og:locale\" content=\"fr_FR\" \/>\n<meta property=\"og:type\" content=\"article\" \/>\n<meta property=\"og:title\" content=\"Comit\u00e9 - Neuch\u00e2tel Hockey Club\" \/>\n<meta property=\"og:description\" content=\"Comit\u00e9 NHC 2018\/2019\" \/>\n<meta property=\"og:url\" content=\"https:\/\/www.neuchatelhockeyclub.ch\/index.php\/le-club\/comite\/\" \/>\n<meta property=\"og:site_name\" content=\"Neuch\u00e2tel Hockey Club\" \/>\n<meta property=\"article:modified_time\" content=\"2018-06-05T19:39:25+00:00\" \/>\n<meta property=\"og:image\" content=\"http:\/\/192.168.71.102:8008\/wp-content\/uploads\/2018\/06\/ComiteNHC2018-1024x346.png\" \/>\n<meta name=\"twitter:card\" content=\"summary_large_image\" \/>\n<script type=\"application\/ld+json\" class=\"yoast-schema-graph\">{\"@context\":\"https:\/\/schema.org\",\"@graph\":[{\"@type\":\"WebPage\",\"@id\":\"https:\/\/www.neuchatelhockeyclub.ch\/index.php\/le-club\/comite\/\",\"url\":\"https:\/\/www.neuchatelhockeyclub.ch\/index.php\/le-club\/comite\/\",\"name\":\"Comit\u00e9 - Neuch\u00e2tel Hockey Club\",\"isPartOf\":{\"@id\":\"https:\/\/www.neuchatelhockeyclub.ch\/#website\"},\"primaryImageOfPage\":{\"@id\":\"https:\/\/www.neuchatelhockeyclub.ch\/index.php\/le-club\/comite\/#primaryimage\"},\"image\":{\"@id\":\"https:\/\/www.neuchatelhockeyclub.ch\/index.php\/le-club\/comite\/#primaryimage\"},\"thumbnailUrl\":\"http:\/\/192.168.71.102:8008\/wp-content\/uploads\/2018\/06\/ComiteNHC2018-1024x346.png\",\"datePublished\":\"2017-11-20T17:08:40+00:00\",\"dateModified\":\"2018-06-05T19:39:25+00:00\",\"breadcrumb\":{\"@id\":\"https:\/\/www.neuchatelhockeyclub.ch\/index.php\/le-club\/comite\/#breadcrumb\"},\"inLanguage\":\"fr-FR\",\"potentialAction\":[{\"@type\":\"ReadAction\",\"target\":[\"https:\/\/www.neuchatelhockeyclub.ch\/index.php\/le-club\/comite\/\"]}]},{\"@type\":\"ImageObject\",\"inLanguage\":\"fr-FR\",\"@id\":\"https:\/\/www.neuchatelhockeyclub.ch\/index.php\/le-club\/comite\/#primaryimage\",\"url\":\"http:\/\/192.168.71.102:8008\/wp-content\/uploads\/2018\/06\/ComiteNHC2018-1024x346.png\",\"contentUrl\":\"http:\/\/192.168.71.102:8008\/wp-content\/uploads\/2018\/06\/ComiteNHC2018-1024x346.png\"},{\"@type\":\"BreadcrumbList\",\"@id\":\"https:\/\/www.neuchatelhockeyclub.ch\/index.php\/le-club\/comite\/#breadcrumb\",\"itemListElement\":[{\"@type\":\"ListItem\",\"position\":1,\"name\":\"Home\",\"item\":\"https:\/\/www.neuchatelhockeyclub.ch\/\"},{\"@type\":\"ListItem\",\"position\":2,\"name\":\"Le Club\",\"item\":\"https:\/\/www.neuchatelhockeyclub.ch\/index.php\/le-club\/\"},{\"@type\":\"ListItem\",\"position\":3,\"name\":\"Comit\u00e9\"}]},{\"@type\":\"WebSite\",\"@id\":\"https:\/\/www.neuchatelhockeyclub.ch\/#website\",\"url\":\"https:\/\/www.neuchatelhockeyclub.ch\/\",\"name\":\"Neuch\u00e2tel Hockey Club\",\"description\":\"Hockey sur gazon\",\"potentialAction\":[{\"@type\":\"SearchAction\",\"target\":{\"@type\":\"EntryPoint\",\"urlTemplate\":\"https:\/\/www.neuchatelhockeyclub.ch\/?s={search_term_string}\"},\"query-input\":{\"@type\":\"PropertyValueSpecification\",\"valueRequired\":true,\"valueName\":\"search_term_string\"}}],\"inLanguage\":\"fr-FR\"}]}<\/script>\n<!-- \/ Yoast SEO plugin. -->","yoast_head_json":{"title":"Comit\u00e9 - Neuch\u00e2tel Hockey Club","robots":{"index":"index","follow":"follow","max-snippet":"max-snippet:-1","max-image-preview":"max-image-preview:large","max-video-preview":"max-video-preview:-1"},"canonical":"https:\/\/www.neuchatelhockeyclub.ch\/index.php\/le-club\/comite\/","og_locale":"fr_FR","og_type":"article","og_title":"Comit\u00e9 - Neuch\u00e2tel Hockey Club","og_description":"Comit\u00e9 NHC 2018\/2019","og_url":"https:\/\/www.neuchatelhockeyclub.ch\/index.php\/le-club\/comite\/","og_site_name":"Neuch\u00e2tel Hockey Club","article_modified_time":"2018-06-05T19:39:25+00:00","og_image":[{"url":"http:\/\/192.168.71.102:8008\/wp-content\/uploads\/2018\/06\/ComiteNHC2018-1024x346.png","type":"","width":"","height":""}],"twitter_card":"summary_large_image","schema":{"@context":"https:\/\/schema.org","@graph":[{"@type":"WebPage","@id":"https:\/\/www.neuchatelhockeyclub.ch\/index.php\/le-club\/comite\/","url":"https:\/\/www.neuchatelhockeyclub.ch\/index.php\/le-club\/comite\/","name":"Comit\u00e9 - Neuch\u00e2tel Hockey Club","isPartOf":{"@id":"https:\/\/www.neuchatelhockeyclub.ch\/#website"},"primaryImageOfPage":{"@id":"https:\/\/www.neuchatelhockeyclub.ch\/index.php\/le-club\/comite\/#primaryimage"},"image":{"@id":"https:\/\/www.neuchatelhockeyclub.ch\/index.php\/le-club\/comite\/#primaryimage"},"thumbnailUrl":"http:\/\/192.168.71.102:8008\/wp-content\/uploads\/2018\/06\/ComiteNHC2018-1024x346.png","datePublished":"2017-11-20T17:08:40+00:00","dateModified":"2018-06-05T19:39:25+00:00","breadcrumb":{"@id":"https:\/\/www.neuchatelhockeyclub.ch\/index.php\/le-club\/comite\/#breadcrumb"},"inLanguage":"fr-FR","potentialAction":[{"@type":"ReadAction","target":["https:\/\/www.neuchatelhockeyclub.ch\/index.php\/le-club\/comite\/"]}]},{"@type":"ImageObject","inLanguage":"fr-FR","@id":"https:\/\/www.neuchatelhockeyclub.ch\/index.php\/le-club\/comite\/#primaryimage","url":"http:\/\/192.168.71.102:8008\/wp-content\/uploads\/2018\/06\/ComiteNHC2018-1024x346.png","contentUrl":"http:\/\/192.168.71.102:8008\/wp-content\/uploads\/2018\/06\/ComiteNHC2018-1024x346.png"},{"@type":"BreadcrumbList","@id":"https:\/\/www.neuchatelhockeyclub.ch\/index.php\/le-club\/comite\/#breadcrumb","itemListElement":[{"@type":"ListItem","position":1,"name":"Home","item":"https:\/\/www.neuchatelhockeyclub.ch\/"},{"@type":"ListItem","position":2,"name":"Le Club","item":"https:\/\/www.neuchatelhockeyclub.ch\/index.php\/le-club\/"},{"@type":"ListItem","position":3,"name":"Comit\u00e9"}]},{"@type":"WebSite","@id":"https:\/\/www.neuchatelhockeyclub.ch\/#website","url":"https:\/\/www.neuchatelhockeyclub.ch\/","name":"Neuch\u00e2tel Hockey Club","description":"Hockey sur gazon","potentialAction":[{"@type":"SearchAction","target":{"@type":"EntryPoint","urlTemplate":"https:\/\/www.neuchatelhockeyclub.ch\/?s={search_term_string}"},"query-input":{"@type":"PropertyValueSpecification","valueRequired":true,"valueName":"search_term_string"}}],"inLanguage":"fr-FR"}]}},"_links":{"self":[{"href":"https:\/\/www.neuchatelhockeyclub.ch\/index.php\/wp-json\/wp\/v2\/pages\/104","targetHints":{"allow":["GET"]}}],"collection":[{"href":"https:\/\/www.neuchatelhockeyclub.ch\/index.php\/wp-json\/wp\/v2\/pages"}],"about":[{"href":"https:\/\/www.neuchatelhockeyclub.ch\/index.php\/wp-json\/wp\/v2\/types\/page"}],"author":[{"embeddable":true,"href":"https:\/\/www.neuchatelhockeyclub.ch\/index.php\/wp-json\/wp\/v2\/users\/2"}],"replies":[{"embeddable":true,"href":"https:\/\/www.neuchatelhockeyclub.ch\/index.php\/wp-json\/wp\/v2\/comments?post=104"}],"version-history":[{"count":6,"href":"https:\/\/www.neuchatelhockeyclub.ch\/index.php\/wp-json\/wp\/v2\/pages\/104\/revisions"}],"predecessor-version":[{"id":692,"href":"https:\/\/www.neuchatelhockeyclub.ch\/index.php\/wp-json\/wp\/v2\/pages\/104\/revisions\/692"}],"up":[{"embeddable":true,"href":"https:\/\/www.neuchatelhockeyclub.ch\/index.php\/wp-json\/wp\/v2\/pages\/123"}],"wp:attachment":[{"href":"https:\/\/www.neuchatelhockeyclub.ch\/index.php\/wp-json\/wp\/v2\/media?parent=104"}],"curies":[{"name":"wp","href":"https:\/\/api.w.org\/{rel}","templated":true}]}}